{"id":2124,"date":"2023-06-26T00:29:58","date_gmt":"2023-06-26T00:29:58","guid":{"rendered":"https:\/\/seminariotunja.com.co\/?page_id=2124"},"modified":"2026-02-26T13:38:16","modified_gmt":"2026-02-26T13:38:16","slug":"rector","status":"publish","type":"page","link":"https:\/\/seminariotunja.com.co\/index.php\/rector\/","title":{"rendered":"Rector"},"content":{"rendered":"\t\t<div data-elementor-type=\"wp-page\" data-elementor-id=\"2124\" class=\"elementor elementor-2124\">\n\t\t\t\t<div class=\"elementor-element elementor-element-7eb2d81 e-flex e-con-boxed e-con e-parent\" data-id=\"7eb2d81\" data-element_type=\"container\">\n\t\t\t\t\t<div class=\"e-con-inner\">\n\t\t\t\t<div class=\"elementor-element elementor-element-5ba311c elementor-invisible elementor-widget elementor-widget-heading\" data-id=\"5ba311c\" data-element_type=\"widget\" data-settings=\"{&quot;_animation&quot;:&quot;fadeInLeft&quot;}\" data-widget_type=\"heading.default\">\n\t\t\t\t<div class=\"elementor-widget-container\">\n\t\t\t<style>\/*! elementor - v3.23.0 - 05-08-2024 *\/\n.elementor-heading-title{padding:0;margin:0;line-height:1}.elementor-widget-heading .elementor-heading-title[class*=elementor-size-]>a{color:inherit;font-size:inherit;line-height:inherit}.elementor-widget-heading .elementor-heading-title.elementor-size-small{font-size:15px}.elementor-widget-heading .elementor-heading-title.elementor-size-medium{font-size:19px}.elementor-widget-heading .elementor-heading-title.elementor-size-large{font-size:29px}.elementor-widget-heading .elementor-heading-title.elementor-size-xl{font-size:39px}.elementor-widget-heading .elementor-heading-title.elementor-size-xxl{font-size:59px}<\/style><h2 class=\"elementor-heading-title elementor-size-default\">Rector\nPbro. JORGE ENRIQUE GALVIS SEP\u00daLVEDA<\/h2>\t\t<\/div>\n\t\t\t\t<\/div>\n\t\t\t\t\t<\/div>\n\t\t\t\t<\/div>\n\t\t<div class=\"elementor-element elementor-element-fec2afd e-flex e-con-boxed elementor-invisible e-con e-parent\" data-id=\"fec2afd\" data-element_type=\"container\" data-settings=\"{&quot;animation&quot;:&quot;fadeInLeft&quot;}\">\n\t\t\t\t\t<div class=\"e-con-inner\">\n\t\t<div class=\"elementor-element elementor-element-63c63ff e-con-full e-flex e-con e-child\" data-id=\"63c63ff\" data-element_type=\"container\">\n\t\t<div class=\"elementor-element elementor-element-5c2b8b0 e-con-full e-flex e-con e-child\" data-id=\"5c2b8b0\" data-element_type=\"container\">\n\t\t\t\t<div class=\"elementor-element elementor-element-25c0d2b elementor-widget__width-initial elementor-widget elementor-widget-image\" data-id=\"25c0d2b\" data-element_type=\"widget\" data-widget_type=\"image.default\">\n\t\t\t\t<div class=\"elementor-widget-container\">\n\t\t\t<style>\/*! elementor - v3.23.0 - 05-08-2024 *\/\n.elementor-widget-image{text-align:center}.elementor-widget-image a{display:inline-block}.elementor-widget-image a img[src$=\".svg\"]{width:48px}.elementor-widget-image img{vertical-align:middle;display:inline-block}<\/style>\t\t\t\t\t\t\t\t\t\t<img fetchpriority=\"high\" decoding=\"async\" width=\"768\" height=\"1024\" src=\"https:\/\/seminariotunja.com.co\/wp-content\/uploads\/2025\/07\/FOTO-JORGE-768x1024.jpg\" class=\"attachment-medium_large size-medium_large wp-image-4314\" alt=\"\" srcset=\"https:\/\/seminariotunja.com.co\/wp-content\/uploads\/2025\/07\/FOTO-JORGE-768x1024.jpg 768w, https:\/\/seminariotunja.com.co\/wp-content\/uploads\/2025\/07\/FOTO-JORGE-225x300.jpg 225w, https:\/\/seminariotunja.com.co\/wp-content\/uploads\/2025\/07\/FOTO-JORGE-230x307.jpg 230w, https:\/\/seminariotunja.com.co\/wp-content\/uploads\/2025\/07\/FOTO-JORGE-350x467.jpg 350w, https:\/\/seminariotunja.com.co\/wp-content\/uploads\/2025\/07\/FOTO-JORGE-480x640.jpg 480w, https:\/\/seminariotunja.com.co\/wp-content\/uploads\/2025\/07\/FOTO-JORGE.jpg 900w\" sizes=\"(max-width: 768px) 100vw, 768px\" \/>\t\t\t\t\t\t\t\t\t\t\t\t\t<\/div>\n\t\t\t\t<\/div>\n\t\t\t\t<div class=\"elementor-element elementor-element-efd261e elementor-widget elementor-widget-text-editor\" data-id=\"efd261e\" data-element_type=\"widget\" data-widget_type=\"text-editor.default\">\n\t\t\t\t<div class=\"elementor-widget-container\">\n\t\t\t<style>\/*! elementor - v3.23.0 - 05-08-2024 *\/\n.elementor-widget-text-editor.elementor-drop-cap-view-stacked .elementor-drop-cap{background-color:#69727d;color:#fff}.elementor-widget-text-editor.elementor-drop-cap-view-framed .elementor-drop-cap{color:#69727d;border:3px solid;background-color:transparent}.elementor-widget-text-editor:not(.elementor-drop-cap-view-default) .elementor-drop-cap{margin-top:8px}.elementor-widget-text-editor:not(.elementor-drop-cap-view-default) .elementor-drop-cap-letter{width:1em;height:1em}.elementor-widget-text-editor .elementor-drop-cap{float:left;text-align:center;line-height:1;font-size:50px}.elementor-widget-text-editor .elementor-drop-cap-letter{display:inline-block}<\/style>\t\t\t\t<div style=\"text-align: justify;\">\n<ul>\n<li><strong>Magister:<\/strong>&nbsp; En Bio\u00e9tica de la Pontifica Universidad Javeriana de Bogot\u00e1.<\/li>\n<li><strong>Especialista<\/strong>: En Teolog\u00eda moral de la Pontificia Universidad Gregoriana de Roma.<\/li>\n<li><strong>Licenciatura:<\/strong>&nbsp;En Teolog\u00eda Moral de la Pontificia Universidad Gregoriana de Roma.<\/li>\n<li><strong>Bachiller en Teolog\u00eda:<\/strong>&nbsp;En la Pontificia Universidad Javeriana de Bogot\u00e1.<\/li>\n<li><strong>Filosof\u00eda y Teolog\u00eda:<\/strong>&nbsp;En el Seminario Conciliar San Jos\u00e9 de Tunja.<\/li>\n<li><strong><em>Diplomado en Docencia universitaria<\/em><\/strong><strong>:&nbsp;<\/strong>En la Fundaci\u00f3n Universitaria Juan de castellanos.<\/li>\n<li><strong><em>Diplomado en Primera infancia y desarrollo social:&nbsp;<\/em><\/strong>En la Universidad Pedag\u00f3gica y Tecnol\u00f3gica de Colombia.<\/li>\n<li><strong>Secundaria<\/strong>: Colegio Nacionalizado Nuestra Se\u00f1ora del Pilar en la Uvita Boyac\u00e1. 1999.<\/li>\n<li><strong>Primaria:<\/strong>&nbsp;Colegio Nacionalizado Nuestra Se\u00f1ora del Pilar en la Uvita Boyac\u00e1.1993<\/li>\n<\/ul>\n<\/div>\t\t\t\t\t\t<\/div>\n\t\t\t\t<\/div>\n\t\t\t\t<\/div>\n\t\t\t\t<\/div>\n\t\t<div class=\"elementor-element elementor-element-b34d173 e-con-full e-flex e-con e-child\" data-id=\"b34d173\" data-element_type=\"container\">\n\t\t<div class=\"elementor-element elementor-element-d8144ce e-con-full e-flex e-con e-child\" data-id=\"d8144ce\" data-element_type=\"container\">\n\t\t\t\t<div class=\"elementor-element elementor-element-a3067be elementor-widget elementor-widget-text-editor\" data-id=\"a3067be\" data-element_type=\"widget\" data-widget_type=\"text-editor.default\">\n\t\t\t\t<div class=\"elementor-widget-container\">\n\t\t\t\t\t\t\t<div style=\"text-align: justify;\"><p>Sacerdote Cat\u00f3lico ordenado para la Arquidi\u00f3cesis de Tunja el 01 de Diciembre del a\u00f1o 2007, por imposici\u00f3n de manos y oraci\u00f3n consecratoria de Mons. + Luis Augusto Castro Quiroga, en la catedral Santiago Ap\u00f3stol de Tunja.<\/p><p>Ha desempe\u00f1ado su trabajo pastoral como Vicario Cooperador en la parroquia Nuestro Se\u00f1or de los Milagros en Aquitania (Boyac\u00e1 \u2013 Colombia) Diciembre 2007 \u2013 Julio 2012. Posteriormente vicario cooperador en la parroquia de Santa M\u00f3nica (Lido di Ostia Di\u00f3cesis de Roma \u2013 Italia) Agosto 2012 \u2013 Septiembre 2014. Docente en la Fundaci\u00f3n Universitaria Juan de Castellanos del Octubre 2014 \u2013 Diciembre 2017. Vicario cooperador en la parroquia Nuestra Se\u00f1ora de F\u00e1tima (Di\u00f3cesis de Roma \u2013Italia) 2015. P\u00e1rroco de la parroquia Nuestra Se\u00f1ora de Lourdes (Tunja \u2013 Boyac\u00e1), Abril del a\u00f1o 2017 a Agosto de 2021. Miembro del colegio de consultores de la Arquidi\u00f3cesis de Tunja desde el 20 de Junio del a\u00f1o 2018 hasta la fecha. Formador de tiempo completo en el \u00e1rea de Teolog\u00eda Moral en el Seminario Conciliar San Jos\u00e9 de Tunja, desde el 5 de marzo de a\u00f1o 2017. Miembro del consejo presbiteral de la Arquidi\u00f3cesis de Tunja, integrante del Equipo de la pastoral sacerdotal de la Arquidi\u00f3cesis. Actualmente Presidente ZONA 6 OSCOL (Organizaci\u00f3n de Seminarios de Colombia),\u00a0Rector, ec\u00f3nomo (representante legal) y formador del Seminario Mayor Conciliar San Jos\u00e9 de Tunja.<\/p><\/div>\t\t\t\t\t\t<\/div>\n\t\t\t\t<\/div>\n\t\t\t\t<div class=\"elementor-element elementor-element-d582641 elementor-widget elementor-widget-image-gallery\" data-id=\"d582641\" data-element_type=\"widget\" data-widget_type=\"image-gallery.default\">\n\t\t\t\t<div class=\"elementor-widget-container\">\n\t\t\t<style>\/*! elementor - v3.23.0 - 05-08-2024 *\/\n.elementor-image-gallery .gallery-item{display:inline-block;text-align:center;vertical-align:top;width:100%;max-width:100%;margin:0 auto}.elementor-image-gallery .gallery-item img{margin:0 auto}.elementor-image-gallery .gallery-item .gallery-caption{margin:0}.elementor-image-gallery figure img{display:block}.elementor-image-gallery figure figcaption{width:100%}.gallery-spacing-custom .elementor-image-gallery .gallery-icon{padding:0}@media (min-width:768px){.elementor-image-gallery .gallery-columns-2 .gallery-item{max-width:50%}.elementor-image-gallery .gallery-columns-3 .gallery-item{max-width:33.33%}.elementor-image-gallery .gallery-columns-4 .gallery-item{max-width:25%}.elementor-image-gallery .gallery-columns-5 .gallery-item{max-width:20%}.elementor-image-gallery .gallery-columns-6 .gallery-item{max-width:16.666%}.elementor-image-gallery .gallery-columns-7 .gallery-item{max-width:14.28%}.elementor-image-gallery .gallery-columns-8 .gallery-item{max-width:12.5%}.elementor-image-gallery .gallery-columns-9 .gallery-item{max-width:11.11%}.elementor-image-gallery .gallery-columns-10 .gallery-item{max-width:10%}}@media (min-width:480px) and (max-width:767px){.elementor-image-gallery .gallery.gallery-columns-2 .gallery-item,.elementor-image-gallery .gallery.gallery-columns-3 .gallery-item,.elementor-image-gallery .gallery.gallery-columns-4 .gallery-item,.elementor-image-gallery .gallery.gallery-columns-5 .gallery-item,.elementor-image-gallery .gallery.gallery-columns-6 .gallery-item,.elementor-image-gallery .gallery.gallery-columns-7 .gallery-item,.elementor-image-gallery .gallery.gallery-columns-8 .gallery-item,.elementor-image-gallery .gallery.gallery-columns-9 .gallery-item,.elementor-image-gallery .gallery.gallery-columns-10 .gallery-item{max-width:50%}}@media (max-width:479px){.elementor-image-gallery .gallery.gallery-columns-2 .gallery-item,.elementor-image-gallery .gallery.gallery-columns-3 .gallery-item,.elementor-image-gallery .gallery.gallery-columns-4 .gallery-item,.elementor-image-gallery .gallery.gallery-columns-5 .gallery-item,.elementor-image-gallery .gallery.gallery-columns-6 .gallery-item,.elementor-image-gallery .gallery.gallery-columns-7 .gallery-item,.elementor-image-gallery .gallery.gallery-columns-8 .gallery-item,.elementor-image-gallery .gallery.gallery-columns-9 .gallery-item,.elementor-image-gallery .gallery.gallery-columns-10 .gallery-item{max-width:100%}}<\/style>\t\t<div class=\"elementor-image-gallery\">\n\t\t\t<div id='gallery-1' class='gallery galleryid-2124 gallery-columns-2 gallery-size-medium_large'><figure class='gallery-item'>\n\t\t\t<div class='gallery-icon landscape'>\n\t\t\t\t<a data-elementor-open-lightbox=\"yes\" data-elementor-lightbox-slideshow=\"d582641\" data-elementor-lightbox-title=\"El rector\" data-e-action-hash=\"#elementor-action%3Aaction%3Dlightbox%26settings%3DeyJpZCI6MjEzMywidXJsIjoiaHR0cHM6XC9cL3NlbWluYXJpb3R1bmphLmNvbS5jb1wvd3AtY29udGVudFwvdXBsb2Fkc1wvMjAyM1wvMDZcL0VsLXJlY3Rvci0tc2NhbGVkLmpwZyIsInNsaWRlc2hvdyI6ImQ1ODI2NDEifQ%3D%3D\" href='https:\/\/seminariotunja.com.co\/wp-content\/uploads\/2023\/06\/El-rector--scaled.jpg'><img width=\"768\" height=\"431\" src=\"https:\/\/seminariotunja.com.co\/wp-content\/uploads\/2023\/06\/El-rector--768x431.jpg\" class=\"attachment-medium_large size-medium_large\" alt=\"\" decoding=\"async\" srcset=\"https:\/\/seminariotunja.com.co\/wp-content\/uploads\/2023\/06\/El-rector--768x431.jpg 768w, https:\/\/seminariotunja.com.co\/wp-content\/uploads\/2023\/06\/El-rector--300x168.jpg 300w, https:\/\/seminariotunja.com.co\/wp-content\/uploads\/2023\/06\/El-rector--1024x575.jpg 1024w, https:\/\/seminariotunja.com.co\/wp-content\/uploads\/2023\/06\/El-rector--1536x862.jpg 1536w, https:\/\/seminariotunja.com.co\/wp-content\/uploads\/2023\/06\/El-rector--2048x1150.jpg 2048w, https:\/\/seminariotunja.com.co\/wp-content\/uploads\/2023\/06\/El-rector--1000x561.jpg 1000w, https:\/\/seminariotunja.com.co\/wp-content\/uploads\/2023\/06\/El-rector--230x129.jpg 230w, https:\/\/seminariotunja.com.co\/wp-content\/uploads\/2023\/06\/El-rector--350x196.jpg 350w, https:\/\/seminariotunja.com.co\/wp-content\/uploads\/2023\/06\/El-rector--480x269.jpg 480w\" sizes=\"(max-width: 768px) 100vw, 768px\" \/><\/a>\n\t\t\t<\/div><\/figure><figure class='gallery-item'>\n\t\t\t<div class='gallery-icon landscape'>\n\t\t\t\t<a data-elementor-open-lightbox=\"yes\" data-elementor-lightbox-slideshow=\"d582641\" data-elementor-lightbox-title=\"IMG_9967\" data-e-action-hash=\"#elementor-action%3Aaction%3Dlightbox%26settings%3DeyJpZCI6MjY1OCwidXJsIjoiaHR0cHM6XC9cL3NlbWluYXJpb3R1bmphLmNvbS5jb1wvd3AtY29udGVudFwvdXBsb2Fkc1wvMjAyM1wvMDhcL0lNR185OTY3LXNjYWxlZC5qcGciLCJzbGlkZXNob3ciOiJkNTgyNjQxIn0%3D\" href='https:\/\/seminariotunja.com.co\/wp-content\/uploads\/2023\/08\/IMG_9967-scaled.jpg'><img width=\"768\" height=\"431\" src=\"https:\/\/seminariotunja.com.co\/wp-content\/uploads\/2023\/08\/IMG_9967-768x431.jpg\" class=\"attachment-medium_large size-medium_large\" alt=\"\" decoding=\"async\" srcset=\"https:\/\/seminariotunja.com.co\/wp-content\/uploads\/2023\/08\/IMG_9967-768x431.jpg 768w, https:\/\/seminariotunja.com.co\/wp-content\/uploads\/2023\/08\/IMG_9967-300x168.jpg 300w, https:\/\/seminariotunja.com.co\/wp-content\/uploads\/2023\/08\/IMG_9967-1024x575.jpg 1024w, https:\/\/seminariotunja.com.co\/wp-content\/uploads\/2023\/08\/IMG_9967-1536x862.jpg 1536w, https:\/\/seminariotunja.com.co\/wp-content\/uploads\/2023\/08\/IMG_9967-2048x1150.jpg 2048w, https:\/\/seminariotunja.com.co\/wp-content\/uploads\/2023\/08\/IMG_9967-1000x561.jpg 1000w, https:\/\/seminariotunja.com.co\/wp-content\/uploads\/2023\/08\/IMG_9967-230x129.jpg 230w, https:\/\/seminariotunja.com.co\/wp-content\/uploads\/2023\/08\/IMG_9967-350x196.jpg 350w, https:\/\/seminariotunja.com.co\/wp-content\/uploads\/2023\/08\/IMG_9967-480x269.jpg 480w\" sizes=\"(max-width: 768px) 100vw, 768px\" \/><\/a>\n\t\t\t<\/div><\/figure><figure class='gallery-item'>\n\t\t\t<div class='gallery-icon landscape'>\n\t\t\t\t<a data-elementor-open-lightbox=\"yes\" data-elementor-lightbox-slideshow=\"d582641\" data-elementor-lightbox-title=\"IMG_9857\" data-e-action-hash=\"#elementor-action%3Aaction%3Dlightbox%26settings%3DeyJpZCI6MjY1NywidXJsIjoiaHR0cHM6XC9cL3NlbWluYXJpb3R1bmphLmNvbS5jb1wvd3AtY29udGVudFwvdXBsb2Fkc1wvMjAyM1wvMDhcL0lNR185ODU3LXNjYWxlZC5qcGciLCJzbGlkZXNob3ciOiJkNTgyNjQxIn0%3D\" href='https:\/\/seminariotunja.com.co\/wp-content\/uploads\/2023\/08\/IMG_9857-scaled.jpg'><img loading=\"lazy\" width=\"768\" height=\"431\" src=\"https:\/\/seminariotunja.com.co\/wp-content\/uploads\/2023\/08\/IMG_9857-768x431.jpg\" class=\"attachment-medium_large size-medium_large\" alt=\"\" decoding=\"async\" srcset=\"https:\/\/seminariotunja.com.co\/wp-content\/uploads\/2023\/08\/IMG_9857-768x431.jpg 768w, https:\/\/seminariotunja.com.co\/wp-content\/uploads\/2023\/08\/IMG_9857-300x168.jpg 300w, https:\/\/seminariotunja.com.co\/wp-content\/uploads\/2023\/08\/IMG_9857-1024x575.jpg 1024w, https:\/\/seminariotunja.com.co\/wp-content\/uploads\/2023\/08\/IMG_9857-1536x862.jpg 1536w, https:\/\/seminariotunja.com.co\/wp-content\/uploads\/2023\/08\/IMG_9857-2048x1150.jpg 2048w, https:\/\/seminariotunja.com.co\/wp-content\/uploads\/2023\/08\/IMG_9857-1000x561.jpg 1000w, https:\/\/seminariotunja.com.co\/wp-content\/uploads\/2023\/08\/IMG_9857-230x129.jpg 230w, https:\/\/seminariotunja.com.co\/wp-content\/uploads\/2023\/08\/IMG_9857-350x196.jpg 350w, https:\/\/seminariotunja.com.co\/wp-content\/uploads\/2023\/08\/IMG_9857-480x269.jpg 480w\" sizes=\"(max-width: 768px) 100vw, 768px\" \/><\/a>\n\t\t\t<\/div><\/figure><figure class='gallery-item'>\n\t\t\t<div class='gallery-icon landscape'>\n\t\t\t\t<a data-elementor-open-lightbox=\"yes\" data-elementor-lightbox-slideshow=\"d582641\" data-elementor-lightbox-title=\"rector\" data-e-action-hash=\"#elementor-action%3Aaction%3Dlightbox%26settings%3DeyJpZCI6MjEzMSwidXJsIjoiaHR0cHM6XC9cL3NlbWluYXJpb3R1bmphLmNvbS5jb1wvd3AtY29udGVudFwvdXBsb2Fkc1wvMjAyM1wvMDZcL3JlY3Rvci5qcGVnIiwic2xpZGVzaG93IjoiZDU4MjY0MSJ9\" href='https:\/\/seminariotunja.com.co\/wp-content\/uploads\/2023\/06\/rector.jpeg'><img loading=\"lazy\" width=\"768\" height=\"431\" src=\"https:\/\/seminariotunja.com.co\/wp-content\/uploads\/2023\/06\/rector-768x431.jpeg\" class=\"attachment-medium_large size-medium_large\" alt=\"\" decoding=\"async\" srcset=\"https:\/\/seminariotunja.com.co\/wp-content\/uploads\/2023\/06\/rector-768x431.jpeg 768w, https:\/\/seminariotunja.com.co\/wp-content\/uploads\/2023\/06\/rector-300x168.jpeg 300w, https:\/\/seminariotunja.com.co\/wp-content\/uploads\/2023\/06\/rector-1024x575.jpeg 1024w, https:\/\/seminariotunja.com.co\/wp-content\/uploads\/2023\/06\/rector-1536x862.jpeg 1536w, https:\/\/seminariotunja.com.co\/wp-content\/uploads\/2023\/06\/rector-1000x561.jpeg 1000w, https:\/\/seminariotunja.com.co\/wp-content\/uploads\/2023\/06\/rector-230x129.jpeg 230w, https:\/\/seminariotunja.com.co\/wp-content\/uploads\/2023\/06\/rector-350x196.jpeg 350w, https:\/\/seminariotunja.com.co\/wp-content\/uploads\/2023\/06\/rector-480x269.jpeg 480w, https:\/\/seminariotunja.com.co\/wp-content\/uploads\/2023\/06\/rector.jpeg 1600w\" sizes=\"(max-width: 768px) 100vw, 768px\" \/><\/a>\n\t\t\t<\/div><\/figure>\n\t\t<\/div>\n\t\t<\/div>\n\t\t\t\t<\/div>\n\t\t\t\t<\/div>\n\t\t\t\t<\/div>\n\t\t\t\t<\/div>\n\t\t\t\t\t<\/div>\n\t\t\t\t<\/div>\n\t\t<div class=\"elementor-element elementor-element-6b89c6d e-flex e-con-boxed e-con e-parent\" data-id=\"6b89c6d\" data-element_type=\"container\">\n\t\t\t\t\t<div class=\"e-con-inner\">\n\t\t\t\t\t<\/div>\n\t\t\t\t<\/div>\n\t\t\t\t<\/div>\n\t\t","protected":false},"excerpt":{"rendered":"<p>Rector Pbro. JORGE ENRIQUE GALVIS SEP\u00daLVEDA Magister:&nbsp; En Bio\u00e9tica de la Pontifica Universidad Javeriana de Bogot\u00e1. Especialista: En Teolog\u00eda moral de la Pontificia Universidad Gregoriana de Roma. Licenciatura:&nbsp;En Teolog\u00eda Moral de la Pontificia Universidad Gregoriana de Roma. Bachiller en Teolog\u00eda:&nbsp;En la Pontificia Universidad Javeriana de [&hellip;]<\/p>\n","protected":false},"author":1,"featured_media":0,"parent":0,"menu_order":0,"comment_status":"closed","ping_status":"closed","template":"","meta":{"_eb_attr":"","footnotes":""},"yoast_head":"<!-- This site is optimized with the Yoast SEO plugin v22.0 - https:\/\/yoast.com\/wordpress\/plugins\/seo\/ -->\n<title>Rector - Seminario Conciliar Tunja<\/title>\n<meta name=\"robots\" content=\"index, follow, max-snippet:-1, max-image-preview:large, max-video-preview:-1\" \/>\n<link rel=\"canonical\" href=\"https:\/\/seminariotunja.com.co\/index.php\/rector\/\" \/>\n<meta property=\"og:locale\" content=\"es_ES\" \/>\n<meta property=\"og:type\" content=\"article\" \/>\n<meta property=\"og:title\" content=\"Rector - Seminario Conciliar Tunja\" \/>\n<meta property=\"og:description\" content=\"Rector Pbro. JORGE ENRIQUE GALVIS SEP\u00daLVEDA Magister:&nbsp; En Bio\u00e9tica de la Pontifica Universidad Javeriana de Bogot\u00e1. Especialista: En Teolog\u00eda moral de la Pontificia Universidad Gregoriana de Roma. Licenciatura:&nbsp;En Teolog\u00eda Moral de la Pontificia Universidad Gregoriana de Roma. Bachiller en Teolog\u00eda:&nbsp;En la Pontificia Universidad Javeriana de [&hellip;]\" \/>\n<meta property=\"og:url\" content=\"https:\/\/seminariotunja.com.co\/index.php\/rector\/\" \/>\n<meta property=\"og:site_name\" content=\"Seminario Conciliar Tunja\" \/>\n<meta property=\"article:publisher\" content=\"https:\/\/www.facebook.com\/seminarioconciliardetunja\" \/>\n<meta property=\"article:modified_time\" content=\"2026-02-26T13:38:16+00:00\" \/>\n<meta property=\"og:image\" content=\"https:\/\/seminariotunja.com.co\/wp-content\/uploads\/2025\/07\/FOTO-JORGE-768x1024.jpg\" \/>\n<meta name=\"twitter:card\" content=\"summary_large_image\" \/>\n<meta name=\"twitter:site\" content=\"@seminariotun\" \/>\n<meta name=\"twitter:label1\" content=\"Tiempo de lectura\" \/>\n\t<meta name=\"twitter:data1\" content=\"3 minutos\" \/>\n<script type=\"application\/ld+json\" class=\"yoast-schema-graph\">{\"@context\":\"https:\/\/schema.org\",\"@graph\":[{\"@type\":\"WebPage\",\"@id\":\"https:\/\/seminariotunja.com.co\/index.php\/rector\/\",\"url\":\"https:\/\/seminariotunja.com.co\/index.php\/rector\/\",\"name\":\"Rector - Seminario Conciliar Tunja\",\"isPartOf\":{\"@id\":\"https:\/\/seminariotunja.com.co\/#website\"},\"datePublished\":\"2023-06-26T00:29:58+00:00\",\"dateModified\":\"2026-02-26T13:38:16+00:00\",\"breadcrumb\":{\"@id\":\"https:\/\/seminariotunja.com.co\/index.php\/rector\/#breadcrumb\"},\"inLanguage\":\"es\",\"potentialAction\":[{\"@type\":\"ReadAction\",\"target\":[\"https:\/\/seminariotunja.com.co\/index.php\/rector\/\"]}]},{\"@type\":\"BreadcrumbList\",\"@id\":\"https:\/\/seminariotunja.com.co\/index.php\/rector\/#breadcrumb\",\"itemListElement\":[{\"@type\":\"ListItem\",\"position\":1,\"name\":\"Portada\",\"item\":\"https:\/\/seminariotunja.com.co\/\"},{\"@type\":\"ListItem\",\"position\":2,\"name\":\"Rector\"}]},{\"@type\":\"WebSite\",\"@id\":\"https:\/\/seminariotunja.com.co\/#website\",\"url\":\"https:\/\/seminariotunja.com.co\/\",\"name\":\"Seminario Conciliar Tunja\",\"description\":\"Seminario Mayor Conciliar San Jos\u00e9 de Tunja\",\"publisher\":{\"@id\":\"https:\/\/seminariotunja.com.co\/#organization\"},\"potentialAction\":[{\"@type\":\"SearchAction\",\"target\":{\"@type\":\"EntryPoint\",\"urlTemplate\":\"https:\/\/seminariotunja.com.co\/?s={search_term_string}\"},\"query-input\":\"required name=search_term_string\"}],\"inLanguage\":\"es\"},{\"@type\":\"Organization\",\"@id\":\"https:\/\/seminariotunja.com.co\/#organization\",\"name\":\"Seminario Mayor Conciliar San Jos\u00e9 de Tunja\",\"url\":\"https:\/\/seminariotunja.com.co\/\",\"logo\":{\"@type\":\"ImageObject\",\"inLanguage\":\"es\",\"@id\":\"https:\/\/seminariotunja.com.co\/#\/schema\/logo\/image\/\",\"url\":\"https:\/\/seminariotunja.com.co\/wp-content\/uploads\/2023\/06\/cropped-logo-seminario.png\",\"contentUrl\":\"https:\/\/seminariotunja.com.co\/wp-content\/uploads\/2023\/06\/cropped-logo-seminario.png\",\"width\":512,\"height\":512,\"caption\":\"Seminario Mayor Conciliar San Jos\u00e9 de Tunja\"},\"image\":{\"@id\":\"https:\/\/seminariotunja.com.co\/#\/schema\/logo\/image\/\"},\"sameAs\":[\"https:\/\/www.facebook.com\/seminarioconciliardetunja\",\"https:\/\/twitter.com\/seminariotun\",\"https:\/\/www.youtube.com\/@seminarioconciliardetunja9101\"]}]}<\/script>\n<!-- \/ Yoast SEO plugin. -->","yoast_head_json":{"title":"Rector - Seminario Conciliar Tunja","robots":{"index":"index","follow":"follow","max-snippet":"max-snippet:-1","max-image-preview":"max-image-preview:large","max-video-preview":"max-video-preview:-1"},"canonical":"https:\/\/seminariotunja.com.co\/index.php\/rector\/","og_locale":"es_ES","og_type":"article","og_title":"Rector - Seminario Conciliar Tunja","og_description":"Rector Pbro. JORGE ENRIQUE GALVIS SEP\u00daLVEDA Magister:&nbsp; En Bio\u00e9tica de la Pontifica Universidad Javeriana de Bogot\u00e1. Especialista: En Teolog\u00eda moral de la Pontificia Universidad Gregoriana de Roma. Licenciatura:&nbsp;En Teolog\u00eda Moral de la Pontificia Universidad Gregoriana de Roma. Bachiller en Teolog\u00eda:&nbsp;En la Pontificia Universidad Javeriana de [&hellip;]","og_url":"https:\/\/seminariotunja.com.co\/index.php\/rector\/","og_site_name":"Seminario Conciliar Tunja","article_publisher":"https:\/\/www.facebook.com\/seminarioconciliardetunja","article_modified_time":"2026-02-26T13:38:16+00:00","og_image":[{"url":"https:\/\/seminariotunja.com.co\/wp-content\/uploads\/2025\/07\/FOTO-JORGE-768x1024.jpg"}],"twitter_card":"summary_large_image","twitter_site":"@seminariotun","twitter_misc":{"Tiempo de lectura":"3 minutos"},"schema":{"@context":"https:\/\/schema.org","@graph":[{"@type":"WebPage","@id":"https:\/\/seminariotunja.com.co\/index.php\/rector\/","url":"https:\/\/seminariotunja.com.co\/index.php\/rector\/","name":"Rector - Seminario Conciliar Tunja","isPartOf":{"@id":"https:\/\/seminariotunja.com.co\/#website"},"datePublished":"2023-06-26T00:29:58+00:00","dateModified":"2026-02-26T13:38:16+00:00","breadcrumb":{"@id":"https:\/\/seminariotunja.com.co\/index.php\/rector\/#breadcrumb"},"inLanguage":"es","potentialAction":[{"@type":"ReadAction","target":["https:\/\/seminariotunja.com.co\/index.php\/rector\/"]}]},{"@type":"BreadcrumbList","@id":"https:\/\/seminariotunja.com.co\/index.php\/rector\/#breadcrumb","itemListElement":[{"@type":"ListItem","position":1,"name":"Portada","item":"https:\/\/seminariotunja.com.co\/"},{"@type":"ListItem","position":2,"name":"Rector"}]},{"@type":"WebSite","@id":"https:\/\/seminariotunja.com.co\/#website","url":"https:\/\/seminariotunja.com.co\/","name":"Seminario Conciliar Tunja","description":"Seminario Mayor Conciliar San Jos\u00e9 de Tunja","publisher":{"@id":"https:\/\/seminariotunja.com.co\/#organization"},"potentialAction":[{"@type":"SearchAction","target":{"@type":"EntryPoint","urlTemplate":"https:\/\/seminariotunja.com.co\/?s={search_term_string}"},"query-input":"required name=search_term_string"}],"inLanguage":"es"},{"@type":"Organization","@id":"https:\/\/seminariotunja.com.co\/#organization","name":"Seminario Mayor Conciliar San Jos\u00e9 de Tunja","url":"https:\/\/seminariotunja.com.co\/","logo":{"@type":"ImageObject","inLanguage":"es","@id":"https:\/\/seminariotunja.com.co\/#\/schema\/logo\/image\/","url":"https:\/\/seminariotunja.com.co\/wp-content\/uploads\/2023\/06\/cropped-logo-seminario.png","contentUrl":"https:\/\/seminariotunja.com.co\/wp-content\/uploads\/2023\/06\/cropped-logo-seminario.png","width":512,"height":512,"caption":"Seminario Mayor Conciliar San Jos\u00e9 de Tunja"},"image":{"@id":"https:\/\/seminariotunja.com.co\/#\/schema\/logo\/image\/"},"sameAs":["https:\/\/www.facebook.com\/seminarioconciliardetunja","https:\/\/twitter.com\/seminariotun","https:\/\/www.youtube.com\/@seminarioconciliardetunja9101"]}]}},"_links":{"self":[{"href":"https:\/\/seminariotunja.com.co\/index.php\/wp-json\/wp\/v2\/pages\/2124"}],"collection":[{"href":"https:\/\/seminariotunja.com.co\/index.php\/wp-json\/wp\/v2\/pages"}],"about":[{"href":"https:\/\/seminariotunja.com.co\/index.php\/wp-json\/wp\/v2\/types\/page"}],"author":[{"embeddable":true,"href":"https:\/\/seminariotunja.com.co\/index.php\/wp-json\/wp\/v2\/users\/1"}],"replies":[{"embeddable":true,"href":"https:\/\/seminariotunja.com.co\/index.php\/wp-json\/wp\/v2\/comments?post=2124"}],"version-history":[{"count":55,"href":"https:\/\/seminariotunja.com.co\/index.php\/wp-json\/wp\/v2\/pages\/2124\/revisions"}],"predecessor-version":[{"id":4782,"href":"https:\/\/seminariotunja.com.co\/index.php\/wp-json\/wp\/v2\/pages\/2124\/revisions\/4782"}],"wp:attachment":[{"href":"https:\/\/seminariotunja.com.co\/index.php\/wp-json\/wp\/v2\/media?parent=2124"}],"curies":[{"name":"wp","href":"https:\/\/api.w.org\/{rel}","templated":true}]}}