{"id":2163,"date":"2023-06-27T04:24:05","date_gmt":"2023-06-27T04:24:05","guid":{"rendered":"https:\/\/seminariotunja.com.co\/?page_id=2163"},"modified":"2023-11-25T15:36:50","modified_gmt":"2023-11-25T15:36:50","slug":"elementor-pagina-2163","status":"publish","type":"page","link":"https:\/\/seminariotunja.com.co\/index.php\/elementor-pagina-2163\/","title":{"rendered":"Misi\u00f3n y Visi\u00f3n"},"content":{"rendered":"\t\t<div data-elementor-type=\"wp-page\" data-elementor-id=\"2163\" class=\"elementor elementor-2163\">\n\t\t\t\t\t\t<section class=\"elementor-section elementor-inner-section elementor-element elementor-element-df44626 elementor-section-full_width elementor-section-height-default elementor-section-height-default\" data-id=\"df44626\" data-element_type=\"section\">\n\t\t\t\t\t\t<div class=\"elementor-container elementor-column-gap-no\">\n\t\t\t\t\t<div class=\"elementor-column elementor-col-50 elementor-inner-column elementor-element elementor-element-a645399\" data-id=\"a645399\" data-element_type=\"column\">\n\t\t\t<div class=\"elementor-widget-wrap elementor-element-populated\">\n\t\t\t\t\t\t<div class=\"elementor-element elementor-element-94215de elementor-widget elementor-widget-image\" data-id=\"94215de\" data-element_type=\"widget\" data-widget_type=\"image.default\">\n\t\t\t\t<div class=\"elementor-widget-container\">\n\t\t\t<style>\/*! elementor - v3.23.0 - 05-08-2024 *\/\n.elementor-widget-image{text-align:center}.elementor-widget-image a{display:inline-block}.elementor-widget-image a img[src$=\".svg\"]{width:48px}.elementor-widget-image img{vertical-align:middle;display:inline-block}<\/style>\t\t\t\t\t\t\t\t\t\t<img fetchpriority=\"high\" decoding=\"async\" width=\"225\" height=\"225\" src=\"https:\/\/seminariotunja.com.co\/wp-content\/uploads\/2023\/06\/logo-seminario.png\" class=\"attachment-large size-large wp-image-1694\" alt=\"Seminario Conciliar de Tunja\" srcset=\"https:\/\/seminariotunja.com.co\/wp-content\/uploads\/2023\/06\/logo-seminario.png 225w, https:\/\/seminariotunja.com.co\/wp-content\/uploads\/2023\/06\/logo-seminario-150x150.png 150w\" sizes=\"(max-width: 225px) 100vw, 225px\" \/>\t\t\t\t\t\t\t\t\t\t\t\t\t<\/div>\n\t\t\t\t<\/div>\n\t\t\t\t<div class=\"elementor-element elementor-element-ee4fa57 elementor-widget__width-initial elementor-widget elementor-widget-text-editor\" data-id=\"ee4fa57\" data-element_type=\"widget\" data-widget_type=\"text-editor.default\">\n\t\t\t\t<div class=\"elementor-widget-container\">\n\t\t\t<style>\/*! elementor - v3.23.0 - 05-08-2024 *\/\n.elementor-widget-text-editor.elementor-drop-cap-view-stacked .elementor-drop-cap{background-color:#69727d;color:#fff}.elementor-widget-text-editor.elementor-drop-cap-view-framed .elementor-drop-cap{color:#69727d;border:3px solid;background-color:transparent}.elementor-widget-text-editor:not(.elementor-drop-cap-view-default) .elementor-drop-cap{margin-top:8px}.elementor-widget-text-editor:not(.elementor-drop-cap-view-default) .elementor-drop-cap-letter{width:1em;height:1em}.elementor-widget-text-editor .elementor-drop-cap{float:left;text-align:center;line-height:1;font-size:50px}.elementor-widget-text-editor .elementor-drop-cap-letter{display:inline-block}<\/style>\t\t\t\t<p><b>\u00bfQu\u00e9 es el Seminario?<\/b><\/p><p style=\"text-align: justify;\">Es el hogar de j\u00f3venes que han sentido el llamado del Se\u00f1or a la vocaci\u00f3n sacerdotal a ejemplo de los doce ap\u00f3stoles, <strong>donde se forman para ser los verdaderos Pastores<\/strong> de almas a ejemplo de Nuestro Se\u00f1or Jesucristo, Maestro, Sacerdote y Pastor.<\/p>\t\t\t\t\t\t<\/div>\n\t\t\t\t<\/div>\n\t\t\t\t\t<\/div>\n\t\t<\/div>\n\t\t\t\t<div class=\"elementor-column elementor-col-50 elementor-inner-column elementor-element elementor-element-0a3614b\" data-id=\"0a3614b\" data-element_type=\"column\">\n\t\t\t<div class=\"elementor-widget-wrap elementor-element-populated\">\n\t\t\t\t\t\t<div class=\"elementor-element elementor-element-2aa2c66 elementor-widget__width-initial elementor-widget elementor-widget-heading\" data-id=\"2aa2c66\" data-element_type=\"widget\" data-widget_type=\"heading.default\">\n\t\t\t\t<div class=\"elementor-widget-container\">\n\t\t\t<style>\/*! elementor - v3.23.0 - 05-08-2024 *\/\n.elementor-heading-title{padding:0;margin:0;line-height:1}.elementor-widget-heading .elementor-heading-title[class*=elementor-size-]>a{color:inherit;font-size:inherit;line-height:inherit}.elementor-widget-heading .elementor-heading-title.elementor-size-small{font-size:15px}.elementor-widget-heading .elementor-heading-title.elementor-size-medium{font-size:19px}.elementor-widget-heading .elementor-heading-title.elementor-size-large{font-size:29px}.elementor-widget-heading .elementor-heading-title.elementor-size-xl{font-size:39px}.elementor-widget-heading .elementor-heading-title.elementor-size-xxl{font-size:59px}<\/style><h5 class=\"elementor-heading-title elementor-size-default\"><font color=\"#424242\"><span style=\"caret-color: rgb(66, 66, 66); white-space: normal;\">Mision<\/span><\/font><\/h5>\t\t<\/div>\n\t\t\t\t<\/div>\n\t\t\t\t<div class=\"elementor-element elementor-element-06fe310 elementor-widget__width-initial elementor-widget elementor-widget-text-editor\" data-id=\"06fe310\" data-element_type=\"widget\" data-widget_type=\"text-editor.default\">\n\t\t\t\t<div class=\"elementor-widget-container\">\n\t\t\t\t\t\t\t<p style=\"text-align: justify;\">El Seminario Conciliar San Jos\u00e9 de Tunja, es una <strong>instituci\u00f3n de la Iglesia Cat\u00f3lica donde se forman los futuros Pastores de la provincia Eclesi\u00e1stica de Tunja<\/strong>, disc\u00edpulos misioneros a ejemplo de Jesucristo Buen Pastor; fundamentados en los principios del Concilio Vaticano II y el Magisterio Eclesial, a partir de una experiencia vivida como \u201c\u00fanica, integral, comunitaria y misionera\u201d, que en su conjunto, componen y estructuran la identidad sacerdotal de quienes tendr\u00e1n la delicada tarea de guiar al pueblo Santo de Dios con aut\u00e9ntica <strong>\u201ccaridad pastoral\u201d.<\/strong><\/p>\t\t\t\t\t\t<\/div>\n\t\t\t\t<\/div>\n\t\t\t\t<div class=\"elementor-element elementor-element-885a0a4 elementor-widget__width-initial elementor-widget elementor-widget-heading\" data-id=\"885a0a4\" data-element_type=\"widget\" data-widget_type=\"heading.default\">\n\t\t\t\t<div class=\"elementor-widget-container\">\n\t\t\t<h5 class=\"elementor-heading-title elementor-size-default\"><font color=\"#424242\"><span style=\"caret-color: rgb(66, 66, 66); white-space: normal;\">Vision<\/span><\/font><\/h5>\t\t<\/div>\n\t\t\t\t<\/div>\n\t\t\t\t<div class=\"elementor-element elementor-element-4611e1f elementor-widget__width-initial elementor-widget elementor-widget-text-editor\" data-id=\"4611e1f\" data-element_type=\"widget\" data-widget_type=\"text-editor.default\">\n\t\t\t\t<div class=\"elementor-widget-container\">\n\t\t\t\t\t\t\t<p style=\"text-align: justify;\">El Seminario Conciliar San Jos\u00e9 de Tunja, se proyecta como una Instituci\u00f3n capaz de<strong> aportar a la Iglesia y a la sociedad Boyacense sacerdotes con una s\u00f3lida experiencia de fe y liderazgo,<\/strong> que les permita responder a los desaf\u00edos, retos que el mundo va exigiendo.<\/p>\t\t\t\t\t\t<\/div>\n\t\t\t\t<\/div>\n\t\t\t\t\t<\/div>\n\t\t<\/div>\n\t\t\t\t\t<\/div>\n\t\t<\/section>\n\t\t\t\t<section class=\"elementor-section elementor-top-section elementor-element elementor-element-23e607c elementor-section-boxed elementor-section-height-default elementor-section-height-default\" data-id=\"23e607c\" data-element_type=\"section\">\n\t\t\t\t\t\t<div class=\"elementor-container elementor-column-gap-default\">\n\t\t\t\t\t<div class=\"elementor-column elementor-col-100 elementor-top-column elementor-element elementor-element-dc22653\" data-id=\"dc22653\" data-element_type=\"column\">\n\t\t\t<div class=\"elementor-widget-wrap elementor-element-populated\">\n\t\t\t\t\t\t<div class=\"elementor-element elementor-element-9a672cd elementor-widget elementor-widget-heading\" data-id=\"9a672cd\" data-element_type=\"widget\" data-widget_type=\"heading.default\">\n\t\t\t\t<div class=\"elementor-widget-container\">\n\t\t\t<h2 class=\"elementor-heading-title elementor-size-default\">OBJETIVOS<\/h2>\t\t<\/div>\n\t\t\t\t<\/div>\n\t\t<div class=\"elementor-element elementor-element-b274ad0 e-grid e-con-boxed e-con e-parent\" data-id=\"b274ad0\" data-element_type=\"container\">\n\t\t\t\t\t<div class=\"e-con-inner\">\n\t\t\t\t<div class=\"elementor-element elementor-element-a0e06ed elementor-view-stacked elementor-shape-circle elementor-position-top elementor-mobile-position-top elementor-widget elementor-widget-icon-box\" data-id=\"a0e06ed\" data-element_type=\"widget\" data-widget_type=\"icon-box.default\">\n\t\t\t\t<div class=\"elementor-widget-container\">\n\t\t\t<link rel=\"stylesheet\" href=\"https:\/\/seminariotunja.com.co\/wp-content\/plugins\/elementor\/assets\/css\/widget-icon-box.min.css\">\t\t<div class=\"elementor-icon-box-wrapper\">\n\n\t\t\t\t\t\t<div class=\"elementor-icon-box-icon\">\n\t\t\t\t<span  class=\"elementor-icon elementor-animation-\">\n\t\t\t\t<svg aria-hidden=\"true\" class=\"e-font-icon-svg e-fas-tasks\" viewBox=\"0 0 512 512\" xmlns=\"http:\/\/www.w3.org\/2000\/svg\"><path d=\"M139.61 35.5a12 12 0 0 0-17 0L58.93 98.81l-22.7-22.12a12 12 0 0 0-17 0L3.53 92.41a12 12 0 0 0 0 17l47.59 47.4a12.78 12.78 0 0 0 17.61 0l15.59-15.62L156.52 69a12.09 12.09 0 0 0 .09-17zm0 159.19a12 12 0 0 0-17 0l-63.68 63.72-22.7-22.1a12 12 0 0 0-17 0L3.53 252a12 12 0 0 0 0 17L51 316.5a12.77 12.77 0 0 0 17.6 0l15.7-15.69 72.2-72.22a12 12 0 0 0 .09-16.9zM64 368c-26.49 0-48.59 21.5-48.59 48S37.53 464 64 464a48 48 0 0 0 0-96zm432 16H208a16 16 0 0 0-16 16v32a16 16 0 0 0 16 16h288a16 16 0 0 0 16-16v-32a16 16 0 0 0-16-16zm0-320H208a16 16 0 0 0-16 16v32a16 16 0 0 0 16 16h288a16 16 0 0 0 16-16V80a16 16 0 0 0-16-16zm0 160H208a16 16 0 0 0-16 16v32a16 16 0 0 0 16 16h288a16 16 0 0 0 16-16v-32a16 16 0 0 0-16-16z\"><\/path><\/svg>\t\t\t\t<\/span>\n\t\t\t<\/div>\n\t\t\t\n\t\t\t\t\t\t<div class=\"elementor-icon-box-content\">\n\n\t\t\t\t\n\t\t\t\t\t\t\t\t\t<p class=\"elementor-icon-box-description\">\n\t\t\t\t\t\t<p style=\"font-size: 16px;text-align:justify\">Capacitar a los futuros presb\u00edteros para su ministerio por medio del desarrollo de un pensamiento cr\u00edtico, anal\u00edtico y sistem\u00e1tico, de modo que puedan dar raz\u00f3n de su fe, comprendan al hombre de hoy, adquieran sentido de la historia y promuevan la nueva evangelizaci\u00f3n de nuestro pa\u00eds.<\/p>\t\t\t\t\t<\/p>\n\t\t\t\t\n\t\t\t<\/div>\n\t\t\t\n\t\t<\/div>\n\t\t\t\t<\/div>\n\t\t\t\t<\/div>\n\t\t\t\t<div class=\"elementor-element elementor-element-28d562b elementor-view-stacked elementor-shape-circle elementor-position-top elementor-mobile-position-top elementor-widget elementor-widget-icon-box\" data-id=\"28d562b\" data-element_type=\"widget\" data-widget_type=\"icon-box.default\">\n\t\t\t\t<div class=\"elementor-widget-container\">\n\t\t\t\t\t<div class=\"elementor-icon-box-wrapper\">\n\n\t\t\t\t\t\t<div class=\"elementor-icon-box-icon\">\n\t\t\t\t<span  class=\"elementor-icon elementor-animation-\">\n\t\t\t\t<svg aria-hidden=\"true\" class=\"e-font-icon-svg e-fas-universal-access\" viewBox=\"0 0 512 512\" xmlns=\"http:\/\/www.w3.org\/2000\/svg\"><path d=\"M256 48c114.953 0 208 93.029 208 208 0 114.953-93.029 208-208 208-114.953 0-208-93.029-208-208 0-114.953 93.029-208 208-208m0-40C119.033 8 8 119.033 8 256s111.033 248 248 248 248-111.033 248-248S392.967 8 256 8zm0 56C149.961 64 64 149.961 64 256s85.961 192 192 192 192-85.961 192-192S362.039 64 256 64zm0 44c19.882 0 36 16.118 36 36s-16.118 36-36 36-36-16.118-36-36 16.118-36 36-36zm117.741 98.023c-28.712 6.779-55.511 12.748-82.14 15.807.851 101.023 12.306 123.052 25.037 155.621 3.617 9.26-.957 19.698-10.217 23.315-9.261 3.617-19.699-.957-23.316-10.217-8.705-22.308-17.086-40.636-22.261-78.549h-9.686c-5.167 37.851-13.534 56.208-22.262 78.549-3.615 9.255-14.05 13.836-23.315 10.217-9.26-3.617-13.834-14.056-10.217-23.315 12.713-32.541 24.185-54.541 25.037-155.621-26.629-3.058-53.428-9.027-82.141-15.807-8.6-2.031-13.926-10.648-11.895-19.249s10.647-13.926 19.249-11.895c96.686 22.829 124.283 22.783 220.775 0 8.599-2.03 17.218 3.294 19.249 11.895 2.029 8.601-3.297 17.219-11.897 19.249z\"><\/path><\/svg>\t\t\t\t<\/span>\n\t\t\t<\/div>\n\t\t\t\n\t\t\t\t\t\t<div class=\"elementor-icon-box-content\">\n\n\t\t\t\t\n\t\t\t\t\t\t\t\t\t<p class=\"elementor-icon-box-description\">\n\t\t\t\t\t\t<p style=\"font-size: 16px;text-align:justify\">Integrar la preparaci\u00f3n acad\u00e9mica \u201cen un camino espiritual marcado por la experiencia personal de dios, para superar una pura ciencia nocion\u00edstica y llegar a la inteligencia del coraz\u00f3n que es capaz de ver y luego comunicar el misterio de dios a los hermanos\u201d.<\/p>\t\t\t\t\t<\/p>\n\t\t\t\t\n\t\t\t<\/div>\n\t\t\t\n\t\t<\/div>\n\t\t\t\t<\/div>\n\t\t\t\t<\/div>\n\t\t\t\t<div class=\"elementor-element elementor-element-ecbaed7 elementor-view-stacked elementor-shape-circle elementor-position-top elementor-mobile-position-top elementor-widget elementor-widget-icon-box\" data-id=\"ecbaed7\" data-element_type=\"widget\" data-widget_type=\"icon-box.default\">\n\t\t\t\t<div class=\"elementor-widget-container\">\n\t\t\t\t\t<div class=\"elementor-icon-box-wrapper\">\n\n\t\t\t\t\t\t<div class=\"elementor-icon-box-icon\">\n\t\t\t\t<span  class=\"elementor-icon elementor-animation-\">\n\t\t\t\t<svg aria-hidden=\"true\" class=\"e-font-icon-svg e-far-file-alt\" viewBox=\"0 0 384 512\" xmlns=\"http:\/\/www.w3.org\/2000\/svg\"><path d=\"M288 248v28c0 6.6-5.4 12-12 12H108c-6.6 0-12-5.4-12-12v-28c0-6.6 5.4-12 12-12h168c6.6 0 12 5.4 12 12zm-12 72H108c-6.6 0-12 5.4-12 12v28c0 6.6 5.4 12 12 12h168c6.6 0 12-5.4 12-12v-28c0-6.6-5.4-12-12-12zm108-188.1V464c0 26.5-21.5 48-48 48H48c-26.5 0-48-21.5-48-48V48C0 21.5 21.5 0 48 0h204.1C264.8 0 277 5.1 286 14.1L369.9 98c9 8.9 14.1 21.2 14.1 33.9zm-128-80V128h76.1L256 51.9zM336 464V176H232c-13.3 0-24-10.7-24-24V48H48v416h288z\"><\/path><\/svg>\t\t\t\t<\/span>\n\t\t\t<\/div>\n\t\t\t\n\t\t\t\t\t\t<div class=\"elementor-icon-box-content\">\n\n\t\t\t\t\n\t\t\t\t\t\t\t\t\t<p class=\"elementor-icon-box-description\">\n\t\t\t\t\t\t<p style=\"font-size: 16px;text-align:justify\">Proporcionar a los candidatos al presbiterado m\u00e9todos e instrumentos de trabajo, de investigaci\u00f3n y de actualizaci\u00f3n constante. as\u00ed aprender\u00e1n a capacitarse creativamente por s\u00ed mismos y en perspectiva de una formaci\u00f3n permanente.<\/p>\t\t\t\t\t<\/p>\n\t\t\t\t\n\t\t\t<\/div>\n\t\t\t\n\t\t<\/div>\n\t\t\t\t<\/div>\n\t\t\t\t<\/div>\n\t\t\t\t\t<\/div>\n\t\t\t\t<\/div>\n\t\t\t\t\t<\/div>\n\t\t<\/div>\n\t\t\t\t\t<\/div>\n\t\t<\/section>\n\t\t\t\t<\/div>\n\t\t","protected":false},"excerpt":{"rendered":"<p>\u00bfQu\u00e9 es el Seminario? Es el hogar de j\u00f3venes que han sentido el llamado del Se\u00f1or a la vocaci\u00f3n sacerdotal a ejemplo de los doce ap\u00f3stoles, donde se forman para ser los verdaderos Pastores de almas a ejemplo de Nuestro Se\u00f1or Jesucristo, Maestro, Sacerdote y [&hellip;]<\/p>\n","protected":false},"author":1,"featured_media":0,"parent":0,"menu_order":0,"comment_status":"closed","ping_status":"closed","template":"","meta":{"_eb_attr":"","footnotes":""},"yoast_head":"<!-- This site is optimized with the Yoast SEO plugin v22.0 - https:\/\/yoast.com\/wordpress\/plugins\/seo\/ -->\n<title>Misi\u00f3n y Visi\u00f3n - Seminario Conciliar Tunja<\/title>\n<meta name=\"robots\" content=\"index, follow, max-snippet:-1, max-image-preview:large, max-video-preview:-1\" \/>\n<link rel=\"canonical\" href=\"https:\/\/seminariotunja.com.co\/index.php\/elementor-pagina-2163\/\" \/>\n<meta property=\"og:locale\" content=\"es_ES\" \/>\n<meta property=\"og:type\" content=\"article\" \/>\n<meta property=\"og:title\" content=\"Misi\u00f3n y Visi\u00f3n - Seminario Conciliar Tunja\" \/>\n<meta property=\"og:description\" content=\"\u00bfQu\u00e9 es el Seminario? Es el hogar de j\u00f3venes que han sentido el llamado del Se\u00f1or a la vocaci\u00f3n sacerdotal a ejemplo de los doce ap\u00f3stoles, donde se forman para ser los verdaderos Pastores de almas a ejemplo de Nuestro Se\u00f1or Jesucristo, Maestro, Sacerdote y [&hellip;]\" \/>\n<meta property=\"og:url\" content=\"https:\/\/seminariotunja.com.co\/index.php\/elementor-pagina-2163\/\" \/>\n<meta property=\"og:site_name\" content=\"Seminario Conciliar Tunja\" \/>\n<meta property=\"article:publisher\" content=\"https:\/\/www.facebook.com\/seminarioconciliardetunja\" \/>\n<meta property=\"article:modified_time\" content=\"2023-11-25T15:36:50+00:00\" \/>\n<meta property=\"og:image\" content=\"https:\/\/seminariotunja.com.co\/wp-content\/uploads\/2023\/06\/logo-seminario.png\" \/>\n<meta name=\"twitter:card\" content=\"summary_large_image\" \/>\n<meta name=\"twitter:site\" content=\"@seminariotun\" \/>\n<meta name=\"twitter:label1\" content=\"Tiempo de lectura\" \/>\n\t<meta name=\"twitter:data1\" content=\"2 minutos\" \/>\n<script type=\"application\/ld+json\" class=\"yoast-schema-graph\">{\"@context\":\"https:\/\/schema.org\",\"@graph\":[{\"@type\":\"WebPage\",\"@id\":\"https:\/\/seminariotunja.com.co\/index.php\/elementor-pagina-2163\/\",\"url\":\"https:\/\/seminariotunja.com.co\/index.php\/elementor-pagina-2163\/\",\"name\":\"Misi\u00f3n y Visi\u00f3n - Seminario Conciliar Tunja\",\"isPartOf\":{\"@id\":\"https:\/\/seminariotunja.com.co\/#website\"},\"datePublished\":\"2023-06-27T04:24:05+00:00\",\"dateModified\":\"2023-11-25T15:36:50+00:00\",\"breadcrumb\":{\"@id\":\"https:\/\/seminariotunja.com.co\/index.php\/elementor-pagina-2163\/#breadcrumb\"},\"inLanguage\":\"es\",\"potentialAction\":[{\"@type\":\"ReadAction\",\"target\":[\"https:\/\/seminariotunja.com.co\/index.php\/elementor-pagina-2163\/\"]}]},{\"@type\":\"BreadcrumbList\",\"@id\":\"https:\/\/seminariotunja.com.co\/index.php\/elementor-pagina-2163\/#breadcrumb\",\"itemListElement\":[{\"@type\":\"ListItem\",\"position\":1,\"name\":\"Portada\",\"item\":\"https:\/\/seminariotunja.com.co\/\"},{\"@type\":\"ListItem\",\"position\":2,\"name\":\"Misi\u00f3n y Visi\u00f3n\"}]},{\"@type\":\"WebSite\",\"@id\":\"https:\/\/seminariotunja.com.co\/#website\",\"url\":\"https:\/\/seminariotunja.com.co\/\",\"name\":\"Seminario Conciliar Tunja\",\"description\":\"Seminario Mayor Conciliar San Jos\u00e9 de Tunja\",\"publisher\":{\"@id\":\"https:\/\/seminariotunja.com.co\/#organization\"},\"potentialAction\":[{\"@type\":\"SearchAction\",\"target\":{\"@type\":\"EntryPoint\",\"urlTemplate\":\"https:\/\/seminariotunja.com.co\/?s={search_term_string}\"},\"query-input\":\"required name=search_term_string\"}],\"inLanguage\":\"es\"},{\"@type\":\"Organization\",\"@id\":\"https:\/\/seminariotunja.com.co\/#organization\",\"name\":\"Seminario Mayor Conciliar San Jos\u00e9 de Tunja\",\"url\":\"https:\/\/seminariotunja.com.co\/\",\"logo\":{\"@type\":\"ImageObject\",\"inLanguage\":\"es\",\"@id\":\"https:\/\/seminariotunja.com.co\/#\/schema\/logo\/image\/\",\"url\":\"https:\/\/seminariotunja.com.co\/wp-content\/uploads\/2023\/06\/cropped-logo-seminario.png\",\"contentUrl\":\"https:\/\/seminariotunja.com.co\/wp-content\/uploads\/2023\/06\/cropped-logo-seminario.png\",\"width\":512,\"height\":512,\"caption\":\"Seminario Mayor Conciliar San Jos\u00e9 de Tunja\"},\"image\":{\"@id\":\"https:\/\/seminariotunja.com.co\/#\/schema\/logo\/image\/\"},\"sameAs\":[\"https:\/\/www.facebook.com\/seminarioconciliardetunja\",\"https:\/\/twitter.com\/seminariotun\",\"https:\/\/www.youtube.com\/@seminarioconciliardetunja9101\"]}]}<\/script>\n<!-- \/ Yoast SEO plugin. -->","yoast_head_json":{"title":"Misi\u00f3n y Visi\u00f3n - Seminario Conciliar Tunja","robots":{"index":"index","follow":"follow","max-snippet":"max-snippet:-1","max-image-preview":"max-image-preview:large","max-video-preview":"max-video-preview:-1"},"canonical":"https:\/\/seminariotunja.com.co\/index.php\/elementor-pagina-2163\/","og_locale":"es_ES","og_type":"article","og_title":"Misi\u00f3n y Visi\u00f3n - Seminario Conciliar Tunja","og_description":"\u00bfQu\u00e9 es el Seminario? Es el hogar de j\u00f3venes que han sentido el llamado del Se\u00f1or a la vocaci\u00f3n sacerdotal a ejemplo de los doce ap\u00f3stoles, donde se forman para ser los verdaderos Pastores de almas a ejemplo de Nuestro Se\u00f1or Jesucristo, Maestro, Sacerdote y [&hellip;]","og_url":"https:\/\/seminariotunja.com.co\/index.php\/elementor-pagina-2163\/","og_site_name":"Seminario Conciliar Tunja","article_publisher":"https:\/\/www.facebook.com\/seminarioconciliardetunja","article_modified_time":"2023-11-25T15:36:50+00:00","og_image":[{"url":"https:\/\/seminariotunja.com.co\/wp-content\/uploads\/2023\/06\/logo-seminario.png"}],"twitter_card":"summary_large_image","twitter_site":"@seminariotun","twitter_misc":{"Tiempo de lectura":"2 minutos"},"schema":{"@context":"https:\/\/schema.org","@graph":[{"@type":"WebPage","@id":"https:\/\/seminariotunja.com.co\/index.php\/elementor-pagina-2163\/","url":"https:\/\/seminariotunja.com.co\/index.php\/elementor-pagina-2163\/","name":"Misi\u00f3n y Visi\u00f3n - Seminario Conciliar Tunja","isPartOf":{"@id":"https:\/\/seminariotunja.com.co\/#website"},"datePublished":"2023-06-27T04:24:05+00:00","dateModified":"2023-11-25T15:36:50+00:00","breadcrumb":{"@id":"https:\/\/seminariotunja.com.co\/index.php\/elementor-pagina-2163\/#breadcrumb"},"inLanguage":"es","potentialAction":[{"@type":"ReadAction","target":["https:\/\/seminariotunja.com.co\/index.php\/elementor-pagina-2163\/"]}]},{"@type":"BreadcrumbList","@id":"https:\/\/seminariotunja.com.co\/index.php\/elementor-pagina-2163\/#breadcrumb","itemListElement":[{"@type":"ListItem","position":1,"name":"Portada","item":"https:\/\/seminariotunja.com.co\/"},{"@type":"ListItem","position":2,"name":"Misi\u00f3n y Visi\u00f3n"}]},{"@type":"WebSite","@id":"https:\/\/seminariotunja.com.co\/#website","url":"https:\/\/seminariotunja.com.co\/","name":"Seminario Conciliar Tunja","description":"Seminario Mayor Conciliar San Jos\u00e9 de Tunja","publisher":{"@id":"https:\/\/seminariotunja.com.co\/#organization"},"potentialAction":[{"@type":"SearchAction","target":{"@type":"EntryPoint","urlTemplate":"https:\/\/seminariotunja.com.co\/?s={search_term_string}"},"query-input":"required name=search_term_string"}],"inLanguage":"es"},{"@type":"Organization","@id":"https:\/\/seminariotunja.com.co\/#organization","name":"Seminario Mayor Conciliar San Jos\u00e9 de Tunja","url":"https:\/\/seminariotunja.com.co\/","logo":{"@type":"ImageObject","inLanguage":"es","@id":"https:\/\/seminariotunja.com.co\/#\/schema\/logo\/image\/","url":"https:\/\/seminariotunja.com.co\/wp-content\/uploads\/2023\/06\/cropped-logo-seminario.png","contentUrl":"https:\/\/seminariotunja.com.co\/wp-content\/uploads\/2023\/06\/cropped-logo-seminario.png","width":512,"height":512,"caption":"Seminario Mayor Conciliar San Jos\u00e9 de Tunja"},"image":{"@id":"https:\/\/seminariotunja.com.co\/#\/schema\/logo\/image\/"},"sameAs":["https:\/\/www.facebook.com\/seminarioconciliardetunja","https:\/\/twitter.com\/seminariotun","https:\/\/www.youtube.com\/@seminarioconciliardetunja9101"]}]}},"_links":{"self":[{"href":"https:\/\/seminariotunja.com.co\/index.php\/wp-json\/wp\/v2\/pages\/2163"}],"collection":[{"href":"https:\/\/seminariotunja.com.co\/index.php\/wp-json\/wp\/v2\/pages"}],"about":[{"href":"https:\/\/seminariotunja.com.co\/index.php\/wp-json\/wp\/v2\/types\/page"}],"author":[{"embeddable":true,"href":"https:\/\/seminariotunja.com.co\/index.php\/wp-json\/wp\/v2\/users\/1"}],"replies":[{"embeddable":true,"href":"https:\/\/seminariotunja.com.co\/index.php\/wp-json\/wp\/v2\/comments?post=2163"}],"version-history":[{"count":42,"href":"https:\/\/seminariotunja.com.co\/index.php\/wp-json\/wp\/v2\/pages\/2163\/revisions"}],"predecessor-version":[{"id":3413,"href":"https:\/\/seminariotunja.com.co\/index.php\/wp-json\/wp\/v2\/pages\/2163\/revisions\/3413"}],"wp:attachment":[{"href":"https:\/\/seminariotunja.com.co\/index.php\/wp-json\/wp\/v2\/media?parent=2163"}],"curies":[{"name":"wp","href":"https:\/\/api.w.org\/{rel}","templated":true}]}}