{"id":2322,"date":"2023-06-28T21:18:05","date_gmt":"2023-06-28T21:18:05","guid":{"rendered":"https:\/\/seminariotunja.com.co\/?page_id=2322"},"modified":"2023-06-28T21:18:47","modified_gmt":"2023-06-28T21:18:47","slug":"comunitaria","status":"publish","type":"page","link":"https:\/\/seminariotunja.com.co\/index.php\/comunitaria\/","title":{"rendered":"Comunitaria"},"content":{"rendered":"\t\t<div data-elementor-type=\"wp-page\" data-elementor-id=\"2322\" class=\"elementor elementor-2322\">\n\t\t\t\t<div class=\"elementor-element elementor-element-5bdb9f6 e-flex e-con-boxed e-con e-parent\" data-id=\"5bdb9f6\" data-element_type=\"container\">\n\t\t\t\t\t<div class=\"e-con-inner\">\n\t\t\t\t<div class=\"elementor-element elementor-element-8be79f7 elementor-invisible elementor-widget elementor-widget-heading\" data-id=\"8be79f7\" data-element_type=\"widget\" data-settings=\"{&quot;_animation&quot;:&quot;fadeIn&quot;}\" data-widget_type=\"heading.default\">\n\t\t\t\t<div class=\"elementor-widget-container\">\n\t\t\t<style>\/*! elementor - v3.23.0 - 05-08-2024 *\/\n.elementor-heading-title{padding:0;margin:0;line-height:1}.elementor-widget-heading .elementor-heading-title[class*=elementor-size-]>a{color:inherit;font-size:inherit;line-height:inherit}.elementor-widget-heading .elementor-heading-title.elementor-size-small{font-size:15px}.elementor-widget-heading .elementor-heading-title.elementor-size-medium{font-size:19px}.elementor-widget-heading .elementor-heading-title.elementor-size-large{font-size:29px}.elementor-widget-heading .elementor-heading-title.elementor-size-xl{font-size:39px}.elementor-widget-heading .elementor-heading-title.elementor-size-xxl{font-size:59px}<\/style><h2 class=\"elementor-heading-title elementor-size-default\">DIMENSI\u00d3N HUMANO- COMUNITARIA<\/h2>\t\t<\/div>\n\t\t\t\t<\/div>\n\t\t\t\t\t<\/div>\n\t\t\t\t<\/div>\n\t\t<div class=\"elementor-element elementor-element-212ae2c e-grid e-con-boxed elementor-invisible e-con e-parent\" data-id=\"212ae2c\" data-element_type=\"container\" data-settings=\"{&quot;animation&quot;:&quot;fadeIn&quot;}\">\n\t\t\t\t\t<div class=\"e-con-inner\">\n\t\t<div class=\"elementor-element elementor-element-58eb182 e-flex e-con-boxed e-con e-parent\" data-id=\"58eb182\" data-element_type=\"container\">\n\t\t\t\t\t<div class=\"e-con-inner\">\n\t\t<div class=\"elementor-element elementor-element-2ee3878 e-flex e-con-boxed e-con e-parent\" data-id=\"2ee3878\" data-element_type=\"container\">\n\t\t\t\t\t<div class=\"e-con-inner\">\n\t\t\t\t<div class=\"elementor-element elementor-element-326d5d4 elementor-widget elementor-widget-heading\" data-id=\"326d5d4\" data-element_type=\"widget\" data-widget_type=\"heading.default\">\n\t\t\t\t<div class=\"elementor-widget-container\">\n\t\t\t<h2 class=\"elementor-heading-title elementor-size-default\"><p>META DE LA DIMENSI\u00d3N<span style=\"color: var(--sydney-headings-color);\"><\/span><\/p><\/h2>\t\t<\/div>\n\t\t\t\t<\/div>\n\t\t\t\t<div class=\"elementor-element elementor-element-7c1b6b8 elementor-widget elementor-widget-text-editor\" data-id=\"7c1b6b8\" data-element_type=\"widget\" data-widget_type=\"text-editor.default\">\n\t\t\t\t<div class=\"elementor-widget-container\">\n\t\t\t<style>\/*! elementor - v3.23.0 - 05-08-2024 *\/\n.elementor-widget-text-editor.elementor-drop-cap-view-stacked .elementor-drop-cap{background-color:#69727d;color:#fff}.elementor-widget-text-editor.elementor-drop-cap-view-framed .elementor-drop-cap{color:#69727d;border:3px solid;background-color:transparent}.elementor-widget-text-editor:not(.elementor-drop-cap-view-default) .elementor-drop-cap{margin-top:8px}.elementor-widget-text-editor:not(.elementor-drop-cap-view-default) .elementor-drop-cap-letter{width:1em;height:1em}.elementor-widget-text-editor .elementor-drop-cap{float:left;text-align:center;line-height:1;font-size:50px}.elementor-widget-text-editor .elementor-drop-cap-letter{display:inline-block}<\/style>\t\t\t\t<div style=\"text-align: justify;\"><p>Al finalizar el a\u00f1o 2023, la comunidad del Seminario Conciliar de Tunja, ha consolidado la vivencia de la integraci\u00f3n comunitaria y el uso adecuado de las T.I.C, mediante el compartir fraterno, las celebraciones especiales, la pr\u00e1ctica del deporte y actividades l\u00fadicas, el desarrollo de una disciplina y manejo adecuado del tiempo, la responsabilidad y madurez humana, para revitalizar as\u00ed la formaci\u00f3n sacerdotal y ofrecer al mundo presb\u00edteros seg\u00fan el coraz\u00f3n de Dios.<\/p><p>Consideraciones para el a\u00f1o:<\/p><ul><li>Motivar la corresponsabilidad institucional prestando servicios y estando pendientes de los gastos de la casa.<\/li><li>Insistir en la pr\u00e1ctica de la urbanidad en el trato con todos.<\/li><li>Exigir orden y compromiso ecol\u00f3gico.<\/li><li>Velar por el aseo y buen ambiente de la casa en todo momento.<\/li><li>Mostrar la importancia de seguir los conductos regulares para el buen funcionamiento y armon\u00eda de la casa.<\/li><li>Fomentar los buenos h\u00e1bitos alimenticios y la constante pr\u00e1ctica deportiva.<\/li><\/ul><p>Padre Coordinador: Jorge Enrique Galvis Sep\u00falveda, Pbro.<\/p><\/div>\t\t\t\t\t\t<\/div>\n\t\t\t\t<\/div>\n\t\t\t\t\t<\/div>\n\t\t\t\t<\/div>\n\t\t\t\t\t<\/div>\n\t\t\t\t<\/div>\n\t\t\t\t\t<\/div>\n\t\t\t\t<\/div>\n\t\t\t\t<\/div>\n\t\t","protected":false},"excerpt":{"rendered":"<p>DIMENSI\u00d3N HUMANO- COMUNITARIA META DE LA DIMENSI\u00d3N Al finalizar el a\u00f1o 2023, la comunidad del Seminario Conciliar de Tunja, ha consolidado la vivencia de la integraci\u00f3n comunitaria y el uso adecuado de las T.I.C, mediante el compartir fraterno, las celebraciones especiales, la pr\u00e1ctica del deporte [&hellip;]<\/p>\n","protected":false},"author":1,"featured_media":0,"parent":0,"menu_order":0,"comment_status":"closed","ping_status":"closed","template":"","meta":{"_eb_attr":"","footnotes":""},"yoast_head":"<!-- This site is optimized with the Yoast SEO plugin v22.0 - https:\/\/yoast.com\/wordpress\/plugins\/seo\/ -->\n<title>Comunitaria - Seminario Conciliar Tunja<\/title>\n<meta name=\"robots\" content=\"index, follow, max-snippet:-1, max-image-preview:large, max-video-preview:-1\" \/>\n<link rel=\"canonical\" href=\"https:\/\/seminariotunja.com.co\/index.php\/comunitaria\/\" \/>\n<meta property=\"og:locale\" content=\"es_ES\" \/>\n<meta property=\"og:type\" content=\"article\" \/>\n<meta property=\"og:title\" content=\"Comunitaria - Seminario Conciliar Tunja\" \/>\n<meta property=\"og:description\" content=\"DIMENSI\u00d3N HUMANO- COMUNITARIA META DE LA DIMENSI\u00d3N Al finalizar el a\u00f1o 2023, la comunidad del Seminario Conciliar de Tunja, ha consolidado la vivencia de la integraci\u00f3n comunitaria y el uso adecuado de las T.I.C, mediante el compartir fraterno, las celebraciones especiales, la pr\u00e1ctica del deporte [&hellip;]\" \/>\n<meta property=\"og:url\" content=\"https:\/\/seminariotunja.com.co\/index.php\/comunitaria\/\" \/>\n<meta property=\"og:site_name\" content=\"Seminario Conciliar Tunja\" \/>\n<meta property=\"article:publisher\" content=\"https:\/\/www.facebook.com\/seminarioconciliardetunja\" \/>\n<meta property=\"article:modified_time\" content=\"2023-06-28T21:18:47+00:00\" \/>\n<meta name=\"twitter:card\" content=\"summary_large_image\" \/>\n<meta name=\"twitter:site\" content=\"@seminariotun\" \/>\n<meta name=\"twitter:label1\" content=\"Tiempo de lectura\" \/>\n\t<meta name=\"twitter:data1\" content=\"1 minuto\" \/>\n<script type=\"application\/ld+json\" class=\"yoast-schema-graph\">{\"@context\":\"https:\/\/schema.org\",\"@graph\":[{\"@type\":\"WebPage\",\"@id\":\"https:\/\/seminariotunja.com.co\/index.php\/comunitaria\/\",\"url\":\"https:\/\/seminariotunja.com.co\/index.php\/comunitaria\/\",\"name\":\"Comunitaria - Seminario Conciliar Tunja\",\"isPartOf\":{\"@id\":\"https:\/\/seminariotunja.com.co\/#website\"},\"datePublished\":\"2023-06-28T21:18:05+00:00\",\"dateModified\":\"2023-06-28T21:18:47+00:00\",\"breadcrumb\":{\"@id\":\"https:\/\/seminariotunja.com.co\/index.php\/comunitaria\/#breadcrumb\"},\"inLanguage\":\"es\",\"potentialAction\":[{\"@type\":\"ReadAction\",\"target\":[\"https:\/\/seminariotunja.com.co\/index.php\/comunitaria\/\"]}]},{\"@type\":\"BreadcrumbList\",\"@id\":\"https:\/\/seminariotunja.com.co\/index.php\/comunitaria\/#breadcrumb\",\"itemListElement\":[{\"@type\":\"ListItem\",\"position\":1,\"name\":\"Portada\",\"item\":\"https:\/\/seminariotunja.com.co\/\"},{\"@type\":\"ListItem\",\"position\":2,\"name\":\"Comunitaria\"}]},{\"@type\":\"WebSite\",\"@id\":\"https:\/\/seminariotunja.com.co\/#website\",\"url\":\"https:\/\/seminariotunja.com.co\/\",\"name\":\"Seminario Conciliar Tunja\",\"description\":\"Seminario Mayor Conciliar San Jos\u00e9 de Tunja\",\"publisher\":{\"@id\":\"https:\/\/seminariotunja.com.co\/#organization\"},\"potentialAction\":[{\"@type\":\"SearchAction\",\"target\":{\"@type\":\"EntryPoint\",\"urlTemplate\":\"https:\/\/seminariotunja.com.co\/?s={search_term_string}\"},\"query-input\":\"required name=search_term_string\"}],\"inLanguage\":\"es\"},{\"@type\":\"Organization\",\"@id\":\"https:\/\/seminariotunja.com.co\/#organization\",\"name\":\"Seminario Mayor Conciliar San Jos\u00e9 de Tunja\",\"url\":\"https:\/\/seminariotunja.com.co\/\",\"logo\":{\"@type\":\"ImageObject\",\"inLanguage\":\"es\",\"@id\":\"https:\/\/seminariotunja.com.co\/#\/schema\/logo\/image\/\",\"url\":\"https:\/\/seminariotunja.com.co\/wp-content\/uploads\/2023\/06\/cropped-logo-seminario.png\",\"contentUrl\":\"https:\/\/seminariotunja.com.co\/wp-content\/uploads\/2023\/06\/cropped-logo-seminario.png\",\"width\":512,\"height\":512,\"caption\":\"Seminario Mayor Conciliar San Jos\u00e9 de Tunja\"},\"image\":{\"@id\":\"https:\/\/seminariotunja.com.co\/#\/schema\/logo\/image\/\"},\"sameAs\":[\"https:\/\/www.facebook.com\/seminarioconciliardetunja\",\"https:\/\/twitter.com\/seminariotun\",\"https:\/\/www.youtube.com\/@seminarioconciliardetunja9101\"]}]}<\/script>\n<!-- \/ Yoast SEO plugin. -->","yoast_head_json":{"title":"Comunitaria - Seminario Conciliar Tunja","robots":{"index":"index","follow":"follow","max-snippet":"max-snippet:-1","max-image-preview":"max-image-preview:large","max-video-preview":"max-video-preview:-1"},"canonical":"https:\/\/seminariotunja.com.co\/index.php\/comunitaria\/","og_locale":"es_ES","og_type":"article","og_title":"Comunitaria - Seminario Conciliar Tunja","og_description":"DIMENSI\u00d3N HUMANO- COMUNITARIA META DE LA DIMENSI\u00d3N Al finalizar el a\u00f1o 2023, la comunidad del Seminario Conciliar de Tunja, ha consolidado la vivencia de la integraci\u00f3n comunitaria y el uso adecuado de las T.I.C, mediante el compartir fraterno, las celebraciones especiales, la pr\u00e1ctica del deporte [&hellip;]","og_url":"https:\/\/seminariotunja.com.co\/index.php\/comunitaria\/","og_site_name":"Seminario Conciliar Tunja","article_publisher":"https:\/\/www.facebook.com\/seminarioconciliardetunja","article_modified_time":"2023-06-28T21:18:47+00:00","twitter_card":"summary_large_image","twitter_site":"@seminariotun","twitter_misc":{"Tiempo de lectura":"1 minuto"},"schema":{"@context":"https:\/\/schema.org","@graph":[{"@type":"WebPage","@id":"https:\/\/seminariotunja.com.co\/index.php\/comunitaria\/","url":"https:\/\/seminariotunja.com.co\/index.php\/comunitaria\/","name":"Comunitaria - Seminario Conciliar Tunja","isPartOf":{"@id":"https:\/\/seminariotunja.com.co\/#website"},"datePublished":"2023-06-28T21:18:05+00:00","dateModified":"2023-06-28T21:18:47+00:00","breadcrumb":{"@id":"https:\/\/seminariotunja.com.co\/index.php\/comunitaria\/#breadcrumb"},"inLanguage":"es","potentialAction":[{"@type":"ReadAction","target":["https:\/\/seminariotunja.com.co\/index.php\/comunitaria\/"]}]},{"@type":"BreadcrumbList","@id":"https:\/\/seminariotunja.com.co\/index.php\/comunitaria\/#breadcrumb","itemListElement":[{"@type":"ListItem","position":1,"name":"Portada","item":"https:\/\/seminariotunja.com.co\/"},{"@type":"ListItem","position":2,"name":"Comunitaria"}]},{"@type":"WebSite","@id":"https:\/\/seminariotunja.com.co\/#website","url":"https:\/\/seminariotunja.com.co\/","name":"Seminario Conciliar Tunja","description":"Seminario Mayor Conciliar San Jos\u00e9 de Tunja","publisher":{"@id":"https:\/\/seminariotunja.com.co\/#organization"},"potentialAction":[{"@type":"SearchAction","target":{"@type":"EntryPoint","urlTemplate":"https:\/\/seminariotunja.com.co\/?s={search_term_string}"},"query-input":"required name=search_term_string"}],"inLanguage":"es"},{"@type":"Organization","@id":"https:\/\/seminariotunja.com.co\/#organization","name":"Seminario Mayor Conciliar San Jos\u00e9 de Tunja","url":"https:\/\/seminariotunja.com.co\/","logo":{"@type":"ImageObject","inLanguage":"es","@id":"https:\/\/seminariotunja.com.co\/#\/schema\/logo\/image\/","url":"https:\/\/seminariotunja.com.co\/wp-content\/uploads\/2023\/06\/cropped-logo-seminario.png","contentUrl":"https:\/\/seminariotunja.com.co\/wp-content\/uploads\/2023\/06\/cropped-logo-seminario.png","width":512,"height":512,"caption":"Seminario Mayor Conciliar San Jos\u00e9 de Tunja"},"image":{"@id":"https:\/\/seminariotunja.com.co\/#\/schema\/logo\/image\/"},"sameAs":["https:\/\/www.facebook.com\/seminarioconciliardetunja","https:\/\/twitter.com\/seminariotun","https:\/\/www.youtube.com\/@seminarioconciliardetunja9101"]}]}},"_links":{"self":[{"href":"https:\/\/seminariotunja.com.co\/index.php\/wp-json\/wp\/v2\/pages\/2322"}],"collection":[{"href":"https:\/\/seminariotunja.com.co\/index.php\/wp-json\/wp\/v2\/pages"}],"about":[{"href":"https:\/\/seminariotunja.com.co\/index.php\/wp-json\/wp\/v2\/types\/page"}],"author":[{"embeddable":true,"href":"https:\/\/seminariotunja.com.co\/index.php\/wp-json\/wp\/v2\/users\/1"}],"replies":[{"embeddable":true,"href":"https:\/\/seminariotunja.com.co\/index.php\/wp-json\/wp\/v2\/comments?post=2322"}],"version-history":[{"count":5,"href":"https:\/\/seminariotunja.com.co\/index.php\/wp-json\/wp\/v2\/pages\/2322\/revisions"}],"predecessor-version":[{"id":2954,"href":"https:\/\/seminariotunja.com.co\/index.php\/wp-json\/wp\/v2\/pages\/2322\/revisions\/2954"}],"wp:attachment":[{"href":"https:\/\/seminariotunja.com.co\/index.php\/wp-json\/wp\/v2\/media?parent=2322"}],"curies":[{"name":"wp","href":"https:\/\/api.w.org\/{rel}","templated":true}]}}