{"id":2327,"date":"2023-06-28T21:23:38","date_gmt":"2023-06-28T21:23:38","guid":{"rendered":"https:\/\/seminariotunja.com.co\/?page_id=2327"},"modified":"2023-06-28T21:24:24","modified_gmt":"2023-06-28T21:24:24","slug":"espiritual","status":"publish","type":"page","link":"https:\/\/seminariotunja.com.co\/index.php\/espiritual\/","title":{"rendered":"Espiritual"},"content":{"rendered":"\t\t<div data-elementor-type=\"wp-page\" data-elementor-id=\"2327\" class=\"elementor elementor-2327\">\n\t\t\t\t<div class=\"elementor-element elementor-element-5bdb9f6 e-flex e-con-boxed e-con e-parent\" data-id=\"5bdb9f6\" data-element_type=\"container\">\n\t\t\t\t\t<div class=\"e-con-inner\">\n\t\t\t\t<div class=\"elementor-element elementor-element-8be79f7 elementor-invisible elementor-widget elementor-widget-heading\" data-id=\"8be79f7\" data-element_type=\"widget\" data-settings=\"{&quot;_animation&quot;:&quot;fadeIn&quot;}\" data-widget_type=\"heading.default\">\n\t\t\t\t<div class=\"elementor-widget-container\">\n\t\t\t<style>\/*! elementor - v3.23.0 - 05-08-2024 *\/\n.elementor-heading-title{padding:0;margin:0;line-height:1}.elementor-widget-heading .elementor-heading-title[class*=elementor-size-]>a{color:inherit;font-size:inherit;line-height:inherit}.elementor-widget-heading .elementor-heading-title.elementor-size-small{font-size:15px}.elementor-widget-heading .elementor-heading-title.elementor-size-medium{font-size:19px}.elementor-widget-heading .elementor-heading-title.elementor-size-large{font-size:29px}.elementor-widget-heading .elementor-heading-title.elementor-size-xl{font-size:39px}.elementor-widget-heading .elementor-heading-title.elementor-size-xxl{font-size:59px}<\/style><h2 class=\"elementor-heading-title elementor-size-default\">DIMENSI\u00d3N ESPIRITUAL<\/h2>\t\t<\/div>\n\t\t\t\t<\/div>\n\t\t\t\t\t<\/div>\n\t\t\t\t<\/div>\n\t\t<div class=\"elementor-element elementor-element-212ae2c e-grid e-con-boxed elementor-invisible e-con e-parent\" data-id=\"212ae2c\" data-element_type=\"container\" data-settings=\"{&quot;animation&quot;:&quot;fadeIn&quot;}\">\n\t\t\t\t\t<div class=\"e-con-inner\">\n\t\t<div class=\"elementor-element elementor-element-58eb182 e-flex e-con-boxed e-con e-parent\" data-id=\"58eb182\" data-element_type=\"container\">\n\t\t\t\t\t<div class=\"e-con-inner\">\n\t\t<div class=\"elementor-element elementor-element-2ee3878 e-flex e-con-boxed e-con e-parent\" data-id=\"2ee3878\" data-element_type=\"container\">\n\t\t\t\t\t<div class=\"e-con-inner\">\n\t\t\t\t<div class=\"elementor-element elementor-element-326d5d4 elementor-widget elementor-widget-heading\" data-id=\"326d5d4\" data-element_type=\"widget\" data-widget_type=\"heading.default\">\n\t\t\t\t<div class=\"elementor-widget-container\">\n\t\t\t<h2 class=\"elementor-heading-title elementor-size-default\"><p>META DE LA DIMENSI\u00d3N<span style=\"color: var(--sydney-headings-color);\"><\/span><\/p><\/h2>\t\t<\/div>\n\t\t\t\t<\/div>\n\t\t\t\t<div class=\"elementor-element elementor-element-7c1b6b8 elementor-widget elementor-widget-text-editor\" data-id=\"7c1b6b8\" data-element_type=\"widget\" data-widget_type=\"text-editor.default\">\n\t\t\t\t<div class=\"elementor-widget-container\">\n\t\t\t<style>\/*! elementor - v3.23.0 - 05-08-2024 *\/\n.elementor-widget-text-editor.elementor-drop-cap-view-stacked .elementor-drop-cap{background-color:#69727d;color:#fff}.elementor-widget-text-editor.elementor-drop-cap-view-framed .elementor-drop-cap{color:#69727d;border:3px solid;background-color:transparent}.elementor-widget-text-editor:not(.elementor-drop-cap-view-default) .elementor-drop-cap{margin-top:8px}.elementor-widget-text-editor:not(.elementor-drop-cap-view-default) .elementor-drop-cap-letter{width:1em;height:1em}.elementor-widget-text-editor .elementor-drop-cap{float:left;text-align:center;line-height:1;font-size:50px}.elementor-widget-text-editor .elementor-drop-cap-letter{display:inline-block}<\/style>\t\t\t\t<div style=\"text-align: justify;\"><p>Al finalizar el a\u00f1o 2023, la comunidad del Seminario Conciliar de Tunja Ha fortalecido la vivencia espiritual, Mediante la formaci\u00f3n constante en la oraci\u00f3n comunitaria y personal, la vivencia de los retiros, los sacramentos y la direcci\u00f3n espiritual, Para revitalizar as\u00ed la formaci\u00f3n sacerdotal y ofrecer al mundo presb\u00edteros seg\u00fan el coraz\u00f3n de Dios.<\/p><p>Consideraciones para el a\u00f1o:<\/p><ul><li>Vivir la puntualidad para los distintos actos empezando por los formadores.<\/li><li>Lograr la diferencia y vivencia de los actos lit\u00fargicos y los actos de piedad.<\/li><li>Que la liturgia lleve a una renovaci\u00f3n permanente del proceso vocacional.<\/li><li>Ayudarles en el fortalecimiento de las motivaciones.<\/li><li>Enfatizar el aut\u00e9ntico sentido de la renuncia y el sacrificio desde la fe.<\/li><li>Motivar m\u00e1s en la confianza en la providencia.<\/li><li>Insistir en la libertad interior ante la vocaci\u00f3n.<\/li><li>Fomentar el sentido de trascendencia.<\/li><\/ul><p>Crecimiento espiritual de cada curso seg\u00fan el siguiente orden y el signo respectivo:<\/p><p>\u2756 Proped\u00e9utico: Palabra de Dios y Bautismo (Alba).<\/p><p>\u2756 I Discipular: Jesucristo Crucificado (Crucifijo).<\/p><p>\u2756 II Discipular: Discernimiento vocacional (Retiro).<\/p><p>\u2756 I Configurativa: Admisi\u00f3n como candidato al estado clerical.<\/p><p>\u2756 II Configurativa: Palabra de Dios proclamada (Ministerio del Lectorado).<\/p><p>\u2756 A\u00f1o de pastoral formaci\u00f3n misionera: condici\u00f3n y misi\u00f3n del cl\u00e9rigo (Retiro).<\/p><p>\u2756 III Configurativa: La Eucarist\u00eda compartida (Ministerio del Acolitado).<\/p><p>\u2756 IV Configurativa: Diaconado (Ordenaci\u00f3n Diaconal).<\/p><p>\u2756 S\u00edntesis vocacional: Sacerdocio ministerial (Ordenaci\u00f3n Sacerdotal).<\/p><p>Participaci\u00f3n en la oraci\u00f3n oficial de la Iglesia, mediante la celebraci\u00f3n diaria de Laudes, V\u00edsperas y Completas con examen de conciencia. Los Di\u00e1conos celebran tambi\u00e9n el Oficio de Lectura y una hora intermedia. En uni\u00f3n con la Iglesia y el Seminario la adoraci\u00f3n diaria de cada formando a Jes\u00fas presente en las especies sacramentales. Se vive la experiencia eclesial sobre la lectura orante de la Palabra de Dios.<\/p><p>Cada formando aprovecha la direcci\u00f3n espiritual para seguir al Esp\u00edritu Santo en el camino de la perfecci\u00f3n cristiana y sacerdotal seg\u00fan la planeaci\u00f3n de cada curso.<\/p><p>Crecimiento espiritual a partir de la participaci\u00f3n diaria en la celebraci\u00f3n eucar\u00edstica, liturgia de las horas, culto eucar\u00edstico, oraci\u00f3n personal, lectura orante de la Palabra de Dios, lectura espiritual y devoci\u00f3n mariana.<\/p><p>Padres Coordinadores: Juan Dar\u00edo Vargas, Pbro. y Pablo Fernando Vargas Cuervo, Pbro.<\/p><\/div>\t\t\t\t\t\t<\/div>\n\t\t\t\t<\/div>\n\t\t\t\t\t<\/div>\n\t\t\t\t<\/div>\n\t\t\t\t\t<\/div>\n\t\t\t\t<\/div>\n\t\t\t\t\t<\/div>\n\t\t\t\t<\/div>\n\t\t\t\t<\/div>\n\t\t","protected":false},"excerpt":{"rendered":"<p>DIMENSI\u00d3N ESPIRITUAL META DE LA DIMENSI\u00d3N Al finalizar el a\u00f1o 2023, la comunidad del Seminario Conciliar de Tunja Ha fortalecido la vivencia espiritual, Mediante la formaci\u00f3n constante en la oraci\u00f3n comunitaria y personal, la vivencia de los retiros, los sacramentos y la direcci\u00f3n espiritual, Para [&hellip;]<\/p>\n","protected":false},"author":1,"featured_media":0,"parent":0,"menu_order":0,"comment_status":"closed","ping_status":"closed","template":"","meta":{"_eb_attr":"","footnotes":""},"yoast_head":"<!-- This site is optimized with the Yoast SEO plugin v22.0 - https:\/\/yoast.com\/wordpress\/plugins\/seo\/ -->\n<title>Espiritual - Seminario Conciliar Tunja<\/title>\n<meta name=\"robots\" content=\"index, follow, max-snippet:-1, max-image-preview:large, max-video-preview:-1\" \/>\n<link rel=\"canonical\" href=\"https:\/\/seminariotunja.com.co\/index.php\/espiritual\/\" \/>\n<meta property=\"og:locale\" content=\"es_ES\" \/>\n<meta property=\"og:type\" content=\"article\" \/>\n<meta property=\"og:title\" content=\"Espiritual - Seminario Conciliar Tunja\" \/>\n<meta property=\"og:description\" content=\"DIMENSI\u00d3N ESPIRITUAL META DE LA DIMENSI\u00d3N Al finalizar el a\u00f1o 2023, la comunidad del Seminario Conciliar de Tunja Ha fortalecido la vivencia espiritual, Mediante la formaci\u00f3n constante en la oraci\u00f3n comunitaria y personal, la vivencia de los retiros, los sacramentos y la direcci\u00f3n espiritual, Para [&hellip;]\" \/>\n<meta property=\"og:url\" content=\"https:\/\/seminariotunja.com.co\/index.php\/espiritual\/\" \/>\n<meta property=\"og:site_name\" content=\"Seminario Conciliar Tunja\" \/>\n<meta property=\"article:publisher\" content=\"https:\/\/www.facebook.com\/seminarioconciliardetunja\" \/>\n<meta property=\"article:modified_time\" content=\"2023-06-28T21:24:24+00:00\" \/>\n<meta name=\"twitter:card\" content=\"summary_large_image\" \/>\n<meta name=\"twitter:site\" content=\"@seminariotun\" \/>\n<meta name=\"twitter:label1\" content=\"Tiempo de lectura\" \/>\n\t<meta name=\"twitter:data1\" content=\"2 minutos\" \/>\n<script type=\"application\/ld+json\" class=\"yoast-schema-graph\">{\"@context\":\"https:\/\/schema.org\",\"@graph\":[{\"@type\":\"WebPage\",\"@id\":\"https:\/\/seminariotunja.com.co\/index.php\/espiritual\/\",\"url\":\"https:\/\/seminariotunja.com.co\/index.php\/espiritual\/\",\"name\":\"Espiritual - Seminario Conciliar Tunja\",\"isPartOf\":{\"@id\":\"https:\/\/seminariotunja.com.co\/#website\"},\"datePublished\":\"2023-06-28T21:23:38+00:00\",\"dateModified\":\"2023-06-28T21:24:24+00:00\",\"breadcrumb\":{\"@id\":\"https:\/\/seminariotunja.com.co\/index.php\/espiritual\/#breadcrumb\"},\"inLanguage\":\"es\",\"potentialAction\":[{\"@type\":\"ReadAction\",\"target\":[\"https:\/\/seminariotunja.com.co\/index.php\/espiritual\/\"]}]},{\"@type\":\"BreadcrumbList\",\"@id\":\"https:\/\/seminariotunja.com.co\/index.php\/espiritual\/#breadcrumb\",\"itemListElement\":[{\"@type\":\"ListItem\",\"position\":1,\"name\":\"Portada\",\"item\":\"https:\/\/seminariotunja.com.co\/\"},{\"@type\":\"ListItem\",\"position\":2,\"name\":\"Espiritual\"}]},{\"@type\":\"WebSite\",\"@id\":\"https:\/\/seminariotunja.com.co\/#website\",\"url\":\"https:\/\/seminariotunja.com.co\/\",\"name\":\"Seminario Conciliar Tunja\",\"description\":\"Seminario Mayor Conciliar San Jos\u00e9 de Tunja\",\"publisher\":{\"@id\":\"https:\/\/seminariotunja.com.co\/#organization\"},\"potentialAction\":[{\"@type\":\"SearchAction\",\"target\":{\"@type\":\"EntryPoint\",\"urlTemplate\":\"https:\/\/seminariotunja.com.co\/?s={search_term_string}\"},\"query-input\":\"required name=search_term_string\"}],\"inLanguage\":\"es\"},{\"@type\":\"Organization\",\"@id\":\"https:\/\/seminariotunja.com.co\/#organization\",\"name\":\"Seminario Mayor Conciliar San Jos\u00e9 de Tunja\",\"url\":\"https:\/\/seminariotunja.com.co\/\",\"logo\":{\"@type\":\"ImageObject\",\"inLanguage\":\"es\",\"@id\":\"https:\/\/seminariotunja.com.co\/#\/schema\/logo\/image\/\",\"url\":\"https:\/\/seminariotunja.com.co\/wp-content\/uploads\/2023\/06\/cropped-logo-seminario.png\",\"contentUrl\":\"https:\/\/seminariotunja.com.co\/wp-content\/uploads\/2023\/06\/cropped-logo-seminario.png\",\"width\":512,\"height\":512,\"caption\":\"Seminario Mayor Conciliar San Jos\u00e9 de Tunja\"},\"image\":{\"@id\":\"https:\/\/seminariotunja.com.co\/#\/schema\/logo\/image\/\"},\"sameAs\":[\"https:\/\/www.facebook.com\/seminarioconciliardetunja\",\"https:\/\/twitter.com\/seminariotun\",\"https:\/\/www.youtube.com\/@seminarioconciliardetunja9101\"]}]}<\/script>\n<!-- \/ Yoast SEO plugin. -->","yoast_head_json":{"title":"Espiritual - Seminario Conciliar Tunja","robots":{"index":"index","follow":"follow","max-snippet":"max-snippet:-1","max-image-preview":"max-image-preview:large","max-video-preview":"max-video-preview:-1"},"canonical":"https:\/\/seminariotunja.com.co\/index.php\/espiritual\/","og_locale":"es_ES","og_type":"article","og_title":"Espiritual - Seminario Conciliar Tunja","og_description":"DIMENSI\u00d3N ESPIRITUAL META DE LA DIMENSI\u00d3N Al finalizar el a\u00f1o 2023, la comunidad del Seminario Conciliar de Tunja Ha fortalecido la vivencia espiritual, Mediante la formaci\u00f3n constante en la oraci\u00f3n comunitaria y personal, la vivencia de los retiros, los sacramentos y la direcci\u00f3n espiritual, Para [&hellip;]","og_url":"https:\/\/seminariotunja.com.co\/index.php\/espiritual\/","og_site_name":"Seminario Conciliar Tunja","article_publisher":"https:\/\/www.facebook.com\/seminarioconciliardetunja","article_modified_time":"2023-06-28T21:24:24+00:00","twitter_card":"summary_large_image","twitter_site":"@seminariotun","twitter_misc":{"Tiempo de lectura":"2 minutos"},"schema":{"@context":"https:\/\/schema.org","@graph":[{"@type":"WebPage","@id":"https:\/\/seminariotunja.com.co\/index.php\/espiritual\/","url":"https:\/\/seminariotunja.com.co\/index.php\/espiritual\/","name":"Espiritual - Seminario Conciliar Tunja","isPartOf":{"@id":"https:\/\/seminariotunja.com.co\/#website"},"datePublished":"2023-06-28T21:23:38+00:00","dateModified":"2023-06-28T21:24:24+00:00","breadcrumb":{"@id":"https:\/\/seminariotunja.com.co\/index.php\/espiritual\/#breadcrumb"},"inLanguage":"es","potentialAction":[{"@type":"ReadAction","target":["https:\/\/seminariotunja.com.co\/index.php\/espiritual\/"]}]},{"@type":"BreadcrumbList","@id":"https:\/\/seminariotunja.com.co\/index.php\/espiritual\/#breadcrumb","itemListElement":[{"@type":"ListItem","position":1,"name":"Portada","item":"https:\/\/seminariotunja.com.co\/"},{"@type":"ListItem","position":2,"name":"Espiritual"}]},{"@type":"WebSite","@id":"https:\/\/seminariotunja.com.co\/#website","url":"https:\/\/seminariotunja.com.co\/","name":"Seminario Conciliar Tunja","description":"Seminario Mayor Conciliar San Jos\u00e9 de Tunja","publisher":{"@id":"https:\/\/seminariotunja.com.co\/#organization"},"potentialAction":[{"@type":"SearchAction","target":{"@type":"EntryPoint","urlTemplate":"https:\/\/seminariotunja.com.co\/?s={search_term_string}"},"query-input":"required name=search_term_string"}],"inLanguage":"es"},{"@type":"Organization","@id":"https:\/\/seminariotunja.com.co\/#organization","name":"Seminario Mayor Conciliar San Jos\u00e9 de Tunja","url":"https:\/\/seminariotunja.com.co\/","logo":{"@type":"ImageObject","inLanguage":"es","@id":"https:\/\/seminariotunja.com.co\/#\/schema\/logo\/image\/","url":"https:\/\/seminariotunja.com.co\/wp-content\/uploads\/2023\/06\/cropped-logo-seminario.png","contentUrl":"https:\/\/seminariotunja.com.co\/wp-content\/uploads\/2023\/06\/cropped-logo-seminario.png","width":512,"height":512,"caption":"Seminario Mayor Conciliar San Jos\u00e9 de Tunja"},"image":{"@id":"https:\/\/seminariotunja.com.co\/#\/schema\/logo\/image\/"},"sameAs":["https:\/\/www.facebook.com\/seminarioconciliardetunja","https:\/\/twitter.com\/seminariotun","https:\/\/www.youtube.com\/@seminarioconciliardetunja9101"]}]}},"_links":{"self":[{"href":"https:\/\/seminariotunja.com.co\/index.php\/wp-json\/wp\/v2\/pages\/2327"}],"collection":[{"href":"https:\/\/seminariotunja.com.co\/index.php\/wp-json\/wp\/v2\/pages"}],"about":[{"href":"https:\/\/seminariotunja.com.co\/index.php\/wp-json\/wp\/v2\/types\/page"}],"author":[{"embeddable":true,"href":"https:\/\/seminariotunja.com.co\/index.php\/wp-json\/wp\/v2\/users\/1"}],"replies":[{"embeddable":true,"href":"https:\/\/seminariotunja.com.co\/index.php\/wp-json\/wp\/v2\/comments?post=2327"}],"version-history":[{"count":4,"href":"https:\/\/seminariotunja.com.co\/index.php\/wp-json\/wp\/v2\/pages\/2327\/revisions"}],"predecessor-version":[{"id":2331,"href":"https:\/\/seminariotunja.com.co\/index.php\/wp-json\/wp\/v2\/pages\/2327\/revisions\/2331"}],"wp:attachment":[{"href":"https:\/\/seminariotunja.com.co\/index.php\/wp-json\/wp\/v2\/media?parent=2327"}],"curies":[{"name":"wp","href":"https:\/\/api.w.org\/{rel}","templated":true}]}}