{"id":4948,"date":"2026-03-11T00:26:08","date_gmt":"2026-03-11T00:26:08","guid":{"rendered":"https:\/\/seminariotunja.com.co\/?page_id=4948"},"modified":"2026-03-11T00:29:19","modified_gmt":"2026-03-11T00:29:19","slug":"cronograma-2026-i-semestre","status":"publish","type":"page","link":"https:\/\/seminariotunja.com.co\/index.php\/cronograma-2026-i-semestre\/","title":{"rendered":"Cronograma 2026 I semestre"},"content":{"rendered":"\t\t<div data-elementor-type=\"wp-page\" data-elementor-id=\"4948\" class=\"elementor elementor-4948\">\n\t\t\t\t<div class=\"elementor-element elementor-element-b549772 e-flex e-con-boxed e-con e-parent\" data-id=\"b549772\" data-element_type=\"container\">\n\t\t\t\t\t<div class=\"e-con-inner\">\n\t\t\t\t<div class=\"elementor-element elementor-element-b0b70ad elementor-widget elementor-widget-heading\" data-id=\"b0b70ad\" data-element_type=\"widget\" data-widget_type=\"heading.default\">\n\t\t\t\t<div class=\"elementor-widget-container\">\n\t\t\t<style>\/*! elementor - v3.23.0 - 05-08-2024 *\/\n.elementor-heading-title{padding:0;margin:0;line-height:1}.elementor-widget-heading .elementor-heading-title[class*=elementor-size-]>a{color:inherit;font-size:inherit;line-height:inherit}.elementor-widget-heading .elementor-heading-title.elementor-size-small{font-size:15px}.elementor-widget-heading .elementor-heading-title.elementor-size-medium{font-size:19px}.elementor-widget-heading .elementor-heading-title.elementor-size-large{font-size:29px}.elementor-widget-heading .elementor-heading-title.elementor-size-xl{font-size:39px}.elementor-widget-heading .elementor-heading-title.elementor-size-xxl{font-size:59px}<\/style><h2 class=\"elementor-heading-title elementor-size-default\">Cronograma de actividades I Semestre<\/h2>\t\t<\/div>\n\t\t\t\t<\/div>\n\t\t\t\t\t<\/div>\n\t\t\t\t<\/div>\n\t\t<div class=\"elementor-element elementor-element-ddd913d e-flex e-con-boxed e-con e-parent\" data-id=\"ddd913d\" data-element_type=\"container\">\n\t\t\t\t\t<div class=\"e-con-inner\">\n\t\t\t\t<div class=\"elementor-element elementor-element-0ae03e9 elementor-widget elementor-widget-image\" data-id=\"0ae03e9\" data-element_type=\"widget\" data-widget_type=\"image.default\">\n\t\t\t\t<div class=\"elementor-widget-container\">\n\t\t\t<style>\/*! elementor - v3.23.0 - 05-08-2024 *\/\n.elementor-widget-image{text-align:center}.elementor-widget-image a{display:inline-block}.elementor-widget-image a img[src$=\".svg\"]{width:48px}.elementor-widget-image img{vertical-align:middle;display:inline-block}<\/style>\t\t\t\t\t\t\t\t\t\t<img fetchpriority=\"high\" decoding=\"async\" width=\"768\" height=\"512\" src=\"https:\/\/seminariotunja.com.co\/wp-content\/uploads\/2026\/02\/IMG_5423-768x512.jpg\" class=\"attachment-medium_large size-medium_large wp-image-4808\" alt=\"\" srcset=\"https:\/\/seminariotunja.com.co\/wp-content\/uploads\/2026\/02\/IMG_5423-768x512.jpg 768w, https:\/\/seminariotunja.com.co\/wp-content\/uploads\/2026\/02\/IMG_5423-300x200.jpg 300w, https:\/\/seminariotunja.com.co\/wp-content\/uploads\/2026\/02\/IMG_5423-1024x683.jpg 1024w, https:\/\/seminariotunja.com.co\/wp-content\/uploads\/2026\/02\/IMG_5423-1536x1024.jpg 1536w, https:\/\/seminariotunja.com.co\/wp-content\/uploads\/2026\/02\/IMG_5423-2048x1365.jpg 2048w, https:\/\/seminariotunja.com.co\/wp-content\/uploads\/2026\/02\/IMG_5423-1000x667.jpg 1000w, https:\/\/seminariotunja.com.co\/wp-content\/uploads\/2026\/02\/IMG_5423-230x153.jpg 230w, https:\/\/seminariotunja.com.co\/wp-content\/uploads\/2026\/02\/IMG_5423-350x233.jpg 350w, https:\/\/seminariotunja.com.co\/wp-content\/uploads\/2026\/02\/IMG_5423-480x320.jpg 480w\" sizes=\"(max-width: 768px) 100vw, 768px\" \/>\t\t\t\t\t\t\t\t\t\t\t\t\t<\/div>\n\t\t\t\t<\/div>\n\t\t\t\t\t<\/div>\n\t\t\t\t<\/div>\n\t\t<div class=\"elementor-element elementor-element-5b09ebd e-flex e-con-boxed e-con e-parent\" data-id=\"5b09ebd\" data-element_type=\"container\">\n\t\t\t\t\t<div class=\"e-con-inner\">\n\t\t\t\t<div class=\"elementor-element elementor-element-162aa9d elementor-widget elementor-widget-text-editor\" data-id=\"162aa9d\" data-element_type=\"widget\" data-widget_type=\"text-editor.default\">\n\t\t\t\t<div class=\"elementor-widget-container\">\n\t\t\t<style>\/*! elementor - v3.23.0 - 05-08-2024 *\/\n.elementor-widget-text-editor.elementor-drop-cap-view-stacked .elementor-drop-cap{background-color:#69727d;color:#fff}.elementor-widget-text-editor.elementor-drop-cap-view-framed .elementor-drop-cap{color:#69727d;border:3px solid;background-color:transparent}.elementor-widget-text-editor:not(.elementor-drop-cap-view-default) .elementor-drop-cap{margin-top:8px}.elementor-widget-text-editor:not(.elementor-drop-cap-view-default) .elementor-drop-cap-letter{width:1em;height:1em}.elementor-widget-text-editor .elementor-drop-cap{float:left;text-align:center;line-height:1;font-size:50px}.elementor-widget-text-editor .elementor-drop-cap-letter{display:inline-block}<\/style>\t\t\t\t<p><span style=\"color: #000000;\"><strong>Con gran alegr\u00eda, gozo y esperanza compartimos lo que ser\u00e1 la vida del seminario en este a\u00f1o 2026, en nuestro primer semestre, las distintas actividades que se ir\u00e1n desarrollando en la vida del seminario en cuanto la vivencia de las cuatro dimensiones de formaci\u00f3n, de igual forma estas actividades nos han de ayudar en el crecimiento en la fe, la amistad, y solidificar la fraternidad como futuros ministros de la Iglesia seg\u00fan el coraz\u00f3n de Cristo buen Pastor.<\/strong><\/span><\/p>\t\t\t\t\t\t<\/div>\n\t\t\t\t<\/div>\n\t\t\t\t\t<\/div>\n\t\t\t\t<\/div>\n\t\t<div class=\"elementor-element elementor-element-86934bc e-flex e-con-boxed e-con e-parent\" data-id=\"86934bc\" data-element_type=\"container\">\n\t\t\t\t\t<div class=\"e-con-inner\">\n\t\t\t\t<div class=\"elementor-element elementor-element-c8e9c6e elementor-widget elementor-widget-embedpress_pdf\" data-id=\"c8e9c6e\" data-element_type=\"widget\" data-widget_type=\"embedpress_pdf.default\">\n\t\t\t\t<div class=\"elementor-widget-container\">\n\t\t\t    <div class=\"embedpress-document-embed ep-doc-8e5d5936aceb4b3ad8331555ad08d142 ose-document emebedpress-unit-percent \" data-thememode=\"default\" data-customcolor=\"\" data-toolbar=\"yes\" data-toolbar-position=\"top\" data-open=\"no\" data-presentation-mode=\"yes\" data-download=\"yes\" data-copy=\"yes\" data-add-image=\"yes\" data-rotate=\"yes\" data-details=\"yes\" data-id=\"embedpress-pdf-c8e9c6e\" data-selection-tool=\"0\" data-scrolling=\"0\" data-spreads=\"-1\" style=\" max-width:100%; display: inline-block\">\n\n        \n                <div >\n\n                    <div id=\"ep-elementor-content-c8e9c6e\" class=\"ep-elementor-content   ep-percentage-width   ep-content-protection-disabled\">\n                        <div id=\"c8e9c6e\" class=\"ep-embed-content-wraper\">\n                            <div><iframe title=\"_Cronograma 2026 Completo_\" class=\"embedpress-embed-document-pdf embedpress-pdf-c8e9c6e\" style=\"width: 600%!important;height: 600px;; max-width:100%; display: inline-block\" src=\"https:\/\/seminariotunja.com.co\/wp-admin\/admin-ajax.php?action=get_viewer&#038;file=https%3A%2F%2Fseminariotunja.com.co%2Fwp-content%2Fuploads%2F2026%2F03%2FCronograma-2026-Completo_.pdf&#038;scrolling=0&#038;selection_tool=0&#038;spreads=-1#key=dGhlbWVNb2RlPWRlZmF1bHQmdG9vbGJhcj10cnVlJnBvc2l0aW9uPXRvcCZwcmVzZW50YXRpb249dHJ1ZSZsYXp5TG9hZD1mYWxzZSZkb3dubG9hZD10cnVlJmNvcHlfdGV4dD10cnVlJmFkZF90ZXh0PXRydWUmZHJhdz10cnVlJmFkZF9pbWFnZT10cnVlJnBkZl9yb3RhdGlvbj10cnVlJnBkZl9kZXRhaWxzPXRydWUmem9vbV9pbj10cnVlJnpvb21fb3V0PXRydWUmZml0X3ZpZXc9dHJ1ZSZib29rbWFyaz10cnVlJnNvdW5kPXRydWUmZmxpcGJvb2tfdG9vbGJhcl9wb3NpdGlvbj1ib3R0b20mc2VsZWN0aW9uX3Rvb2w9MCZzY3JvbGxpbmc9MCZzcHJlYWRzPS0xJmlzX3Byb19hY3RpdmU9MA==&#038;zoom=auto\" class=\"embedpress-embed-document-pdf embedpress-pdf-c8e9c6e\" data-emid=\"embedpress-pdf-c8e9c6e\" data-embed-type=\"PDF\" frameborder=\"0\"><\/iframe><p class=\"embedpress-el-powered\">Powered By EmbedPress<\/p><\/div>                        <\/div>\n\n                    <\/div>\n\n\n                   \n                <\/div>\n            \n    <\/div>\n\n\t\t<\/div>\n\t\t\t\t<\/div>\n\t\t\t\t\t<\/div>\n\t\t\t\t<\/div>\n\t\t\t\t<\/div>\n\t\t","protected":false},"excerpt":{"rendered":"<p>Cronograma de actividades I Semestre Con gran alegr\u00eda, gozo y esperanza compartimos lo que ser\u00e1 la vida del seminario en este a\u00f1o 2026, en nuestro primer semestre, las distintas actividades que se ir\u00e1n desarrollando en la vida del seminario en cuanto la vivencia de las [&hellip;]<\/p>\n","protected":false},"author":1,"featured_media":0,"parent":0,"menu_order":0,"comment_status":"closed","ping_status":"closed","template":"","meta":{"_eb_attr":"","footnotes":""},"yoast_head":"<!-- This site is optimized with the Yoast SEO plugin v22.0 - https:\/\/yoast.com\/wordpress\/plugins\/seo\/ -->\n<title>Cronograma 2026 I semestre - Seminario Conciliar Tunja<\/title>\n<meta name=\"robots\" content=\"index, follow, max-snippet:-1, max-image-preview:large, max-video-preview:-1\" \/>\n<link rel=\"canonical\" href=\"https:\/\/seminariotunja.com.co\/index.php\/cronograma-2026-i-semestre\/\" \/>\n<meta property=\"og:locale\" content=\"es_ES\" \/>\n<meta property=\"og:type\" content=\"article\" \/>\n<meta property=\"og:title\" content=\"Cronograma 2026 I semestre - Seminario Conciliar Tunja\" \/>\n<meta property=\"og:description\" content=\"Cronograma de actividades I Semestre Con gran alegr\u00eda, gozo y esperanza compartimos lo que ser\u00e1 la vida del seminario en este a\u00f1o 2026, en nuestro primer semestre, las distintas actividades que se ir\u00e1n desarrollando en la vida del seminario en cuanto la vivencia de las [&hellip;]\" \/>\n<meta property=\"og:url\" content=\"https:\/\/seminariotunja.com.co\/index.php\/cronograma-2026-i-semestre\/\" \/>\n<meta property=\"og:site_name\" content=\"Seminario Conciliar Tunja\" \/>\n<meta property=\"article:publisher\" content=\"https:\/\/www.facebook.com\/seminarioconciliardetunja\" \/>\n<meta property=\"article:modified_time\" content=\"2026-03-11T00:29:19+00:00\" \/>\n<meta property=\"og:image\" content=\"https:\/\/seminariotunja.com.co\/wp-content\/uploads\/2026\/02\/IMG_5423-768x512.jpg\" \/>\n<meta name=\"twitter:card\" content=\"summary_large_image\" \/>\n<meta name=\"twitter:site\" content=\"@seminariotun\" \/>\n<meta name=\"twitter:label1\" content=\"Tiempo de lectura\" \/>\n\t<meta name=\"twitter:data1\" content=\"1 minuto\" \/>\n<script type=\"application\/ld+json\" class=\"yoast-schema-graph\">{\"@context\":\"https:\/\/schema.org\",\"@graph\":[{\"@type\":\"WebPage\",\"@id\":\"https:\/\/seminariotunja.com.co\/index.php\/cronograma-2026-i-semestre\/\",\"url\":\"https:\/\/seminariotunja.com.co\/index.php\/cronograma-2026-i-semestre\/\",\"name\":\"Cronograma 2026 I semestre - Seminario Conciliar Tunja\",\"isPartOf\":{\"@id\":\"https:\/\/seminariotunja.com.co\/#website\"},\"datePublished\":\"2026-03-11T00:26:08+00:00\",\"dateModified\":\"2026-03-11T00:29:19+00:00\",\"breadcrumb\":{\"@id\":\"https:\/\/seminariotunja.com.co\/index.php\/cronograma-2026-i-semestre\/#breadcrumb\"},\"inLanguage\":\"es\",\"potentialAction\":[{\"@type\":\"ReadAction\",\"target\":[\"https:\/\/seminariotunja.com.co\/index.php\/cronograma-2026-i-semestre\/\"]}]},{\"@type\":\"BreadcrumbList\",\"@id\":\"https:\/\/seminariotunja.com.co\/index.php\/cronograma-2026-i-semestre\/#breadcrumb\",\"itemListElement\":[{\"@type\":\"ListItem\",\"position\":1,\"name\":\"Portada\",\"item\":\"https:\/\/seminariotunja.com.co\/\"},{\"@type\":\"ListItem\",\"position\":2,\"name\":\"Cronograma 2026 I semestre\"}]},{\"@type\":\"WebSite\",\"@id\":\"https:\/\/seminariotunja.com.co\/#website\",\"url\":\"https:\/\/seminariotunja.com.co\/\",\"name\":\"Seminario Conciliar Tunja\",\"description\":\"Seminario Mayor Conciliar San Jos\u00e9 de Tunja\",\"publisher\":{\"@id\":\"https:\/\/seminariotunja.com.co\/#organization\"},\"potentialAction\":[{\"@type\":\"SearchAction\",\"target\":{\"@type\":\"EntryPoint\",\"urlTemplate\":\"https:\/\/seminariotunja.com.co\/?s={search_term_string}\"},\"query-input\":\"required name=search_term_string\"}],\"inLanguage\":\"es\"},{\"@type\":\"Organization\",\"@id\":\"https:\/\/seminariotunja.com.co\/#organization\",\"name\":\"Seminario Mayor Conciliar San Jos\u00e9 de Tunja\",\"url\":\"https:\/\/seminariotunja.com.co\/\",\"logo\":{\"@type\":\"ImageObject\",\"inLanguage\":\"es\",\"@id\":\"https:\/\/seminariotunja.com.co\/#\/schema\/logo\/image\/\",\"url\":\"https:\/\/seminariotunja.com.co\/wp-content\/uploads\/2023\/06\/cropped-logo-seminario.png\",\"contentUrl\":\"https:\/\/seminariotunja.com.co\/wp-content\/uploads\/2023\/06\/cropped-logo-seminario.png\",\"width\":512,\"height\":512,\"caption\":\"Seminario Mayor Conciliar San Jos\u00e9 de Tunja\"},\"image\":{\"@id\":\"https:\/\/seminariotunja.com.co\/#\/schema\/logo\/image\/\"},\"sameAs\":[\"https:\/\/www.facebook.com\/seminarioconciliardetunja\",\"https:\/\/twitter.com\/seminariotun\",\"https:\/\/www.youtube.com\/@seminarioconciliardetunja9101\"]}]}<\/script>\n<!-- \/ Yoast SEO plugin. -->","yoast_head_json":{"title":"Cronograma 2026 I semestre - Seminario Conciliar Tunja","robots":{"index":"index","follow":"follow","max-snippet":"max-snippet:-1","max-image-preview":"max-image-preview:large","max-video-preview":"max-video-preview:-1"},"canonical":"https:\/\/seminariotunja.com.co\/index.php\/cronograma-2026-i-semestre\/","og_locale":"es_ES","og_type":"article","og_title":"Cronograma 2026 I semestre - Seminario Conciliar Tunja","og_description":"Cronograma de actividades I Semestre Con gran alegr\u00eda, gozo y esperanza compartimos lo que ser\u00e1 la vida del seminario en este a\u00f1o 2026, en nuestro primer semestre, las distintas actividades que se ir\u00e1n desarrollando en la vida del seminario en cuanto la vivencia de las [&hellip;]","og_url":"https:\/\/seminariotunja.com.co\/index.php\/cronograma-2026-i-semestre\/","og_site_name":"Seminario Conciliar Tunja","article_publisher":"https:\/\/www.facebook.com\/seminarioconciliardetunja","article_modified_time":"2026-03-11T00:29:19+00:00","og_image":[{"url":"https:\/\/seminariotunja.com.co\/wp-content\/uploads\/2026\/02\/IMG_5423-768x512.jpg"}],"twitter_card":"summary_large_image","twitter_site":"@seminariotun","twitter_misc":{"Tiempo de lectura":"1 minuto"},"schema":{"@context":"https:\/\/schema.org","@graph":[{"@type":"WebPage","@id":"https:\/\/seminariotunja.com.co\/index.php\/cronograma-2026-i-semestre\/","url":"https:\/\/seminariotunja.com.co\/index.php\/cronograma-2026-i-semestre\/","name":"Cronograma 2026 I semestre - Seminario Conciliar Tunja","isPartOf":{"@id":"https:\/\/seminariotunja.com.co\/#website"},"datePublished":"2026-03-11T00:26:08+00:00","dateModified":"2026-03-11T00:29:19+00:00","breadcrumb":{"@id":"https:\/\/seminariotunja.com.co\/index.php\/cronograma-2026-i-semestre\/#breadcrumb"},"inLanguage":"es","potentialAction":[{"@type":"ReadAction","target":["https:\/\/seminariotunja.com.co\/index.php\/cronograma-2026-i-semestre\/"]}]},{"@type":"BreadcrumbList","@id":"https:\/\/seminariotunja.com.co\/index.php\/cronograma-2026-i-semestre\/#breadcrumb","itemListElement":[{"@type":"ListItem","position":1,"name":"Portada","item":"https:\/\/seminariotunja.com.co\/"},{"@type":"ListItem","position":2,"name":"Cronograma 2026 I semestre"}]},{"@type":"WebSite","@id":"https:\/\/seminariotunja.com.co\/#website","url":"https:\/\/seminariotunja.com.co\/","name":"Seminario Conciliar Tunja","description":"Seminario Mayor Conciliar San Jos\u00e9 de Tunja","publisher":{"@id":"https:\/\/seminariotunja.com.co\/#organization"},"potentialAction":[{"@type":"SearchAction","target":{"@type":"EntryPoint","urlTemplate":"https:\/\/seminariotunja.com.co\/?s={search_term_string}"},"query-input":"required name=search_term_string"}],"inLanguage":"es"},{"@type":"Organization","@id":"https:\/\/seminariotunja.com.co\/#organization","name":"Seminario Mayor Conciliar San Jos\u00e9 de Tunja","url":"https:\/\/seminariotunja.com.co\/","logo":{"@type":"ImageObject","inLanguage":"es","@id":"https:\/\/seminariotunja.com.co\/#\/schema\/logo\/image\/","url":"https:\/\/seminariotunja.com.co\/wp-content\/uploads\/2023\/06\/cropped-logo-seminario.png","contentUrl":"https:\/\/seminariotunja.com.co\/wp-content\/uploads\/2023\/06\/cropped-logo-seminario.png","width":512,"height":512,"caption":"Seminario Mayor Conciliar San Jos\u00e9 de Tunja"},"image":{"@id":"https:\/\/seminariotunja.com.co\/#\/schema\/logo\/image\/"},"sameAs":["https:\/\/www.facebook.com\/seminarioconciliardetunja","https:\/\/twitter.com\/seminariotun","https:\/\/www.youtube.com\/@seminarioconciliardetunja9101"]}]}},"_links":{"self":[{"href":"https:\/\/seminariotunja.com.co\/index.php\/wp-json\/wp\/v2\/pages\/4948"}],"collection":[{"href":"https:\/\/seminariotunja.com.co\/index.php\/wp-json\/wp\/v2\/pages"}],"about":[{"href":"https:\/\/seminariotunja.com.co\/index.php\/wp-json\/wp\/v2\/types\/page"}],"author":[{"embeddable":true,"href":"https:\/\/seminariotunja.com.co\/index.php\/wp-json\/wp\/v2\/users\/1"}],"replies":[{"embeddable":true,"href":"https:\/\/seminariotunja.com.co\/index.php\/wp-json\/wp\/v2\/comments?post=4948"}],"version-history":[{"count":4,"href":"https:\/\/seminariotunja.com.co\/index.php\/wp-json\/wp\/v2\/pages\/4948\/revisions"}],"predecessor-version":[{"id":4953,"href":"https:\/\/seminariotunja.com.co\/index.php\/wp-json\/wp\/v2\/pages\/4948\/revisions\/4953"}],"wp:attachment":[{"href":"https:\/\/seminariotunja.com.co\/index.php\/wp-json\/wp\/v2\/media?parent=4948"}],"curies":[{"name":"wp","href":"https:\/\/api.w.org\/{rel}","templated":true}]}}